{"id":29954,"date":"2025-03-09T23:32:29","date_gmt":"2025-03-09T22:32:29","guid":{"rendered":"https:\/\/www.papiliorama.ch\/?page_id=29954"},"modified":"2025-12-28T19:16:42","modified_gmt":"2025-12-28T18:16:42","slug":"salle","status":"publish","type":"page","link":"https:\/\/www.papiliorama.ch\/fr\/salle\/","title":{"rendered":"GRANDE SALLE"},"content":{"rendered":"\t\t<div data-elementor-type=\"wp-page\" data-elementor-id=\"29954\" class=\"elementor elementor-29954 elementor-29952\" data-elementor-post-type=\"page\">\n\t\t\t\t\t\t<section class=\"elementor-section elementor-top-section elementor-element elementor-element-f50bb47 elementor-section-full_width elementor-section-height-min-height elementor-section-height-default elementor-section-items-middle\" data-id=\"f50bb47\" data-element_type=\"section\" data-e-type=\"section\" data-settings=\"{&quot;background_background&quot;:&quot;classic&quot;}\">\n\t\t\t\t\t\t<div class=\"elementor-container elementor-column-gap-default\">\n\t\t\t\t\t<div class=\"elementor-column elementor-col-100 elementor-top-column elementor-element elementor-element-2049cd9\" data-id=\"2049cd9\" data-element_type=\"column\" data-e-type=\"column\">\n\t\t\t<div class=\"elementor-widget-wrap elementor-element-populated\">\n\t\t\t\t\t\t<div class=\"elementor-element elementor-element-d667c80 elementor-widget elementor-widget-heading\" data-id=\"d667c80\" data-element_type=\"widget\" data-e-type=\"widget\" data-widget_type=\"heading.default\">\n\t\t\t\t<div class=\"elementor-widget-container\">\n\t\t\t\t\t<h2 class=\"elementor-heading-title elementor-size-default\">GRANDE SALLE<\/h2>\t\t\t\t<\/div>\n\t\t\t\t<\/div>\n\t\t\t\t\t<\/div>\n\t\t<\/div>\n\t\t\t\t\t<\/div>\n\t\t<\/section>\n\t\t\t\t<section class=\"elementor-section elementor-top-section elementor-element elementor-element-e1b2480 elementor-section-boxed elementor-section-height-default elementor-section-height-default\" data-id=\"e1b2480\" data-element_type=\"section\" data-e-type=\"section\">\n\t\t\t\t\t\t<div class=\"elementor-container elementor-column-gap-default\">\n\t\t\t\t\t<div class=\"elementor-column elementor-col-100 elementor-top-column elementor-element elementor-element-096ef58\" data-id=\"096ef58\" data-element_type=\"column\" data-e-type=\"column\">\n\t\t\t<div class=\"elementor-widget-wrap elementor-element-populated\">\n\t\t\t\t\t\t\t<\/div>\n\t\t<\/div>\n\t\t\t\t\t<\/div>\n\t\t<\/section>\n\t\t\t\t<section class=\"elementor-section elementor-top-section elementor-element elementor-element-fafad9a elementor-section-boxed elementor-section-height-default elementor-section-height-default\" data-id=\"fafad9a\" data-element_type=\"section\" data-e-type=\"section\">\n\t\t\t\t\t\t<div class=\"elementor-container elementor-column-gap-default\">\n\t\t\t\t\t<div class=\"elementor-column elementor-col-33 elementor-top-column elementor-element elementor-element-88cbe20\" data-id=\"88cbe20\" data-element_type=\"column\" data-e-type=\"column\">\n\t\t\t<div class=\"elementor-widget-wrap elementor-element-populated\">\n\t\t\t\t\t\t<div class=\"elementor-element elementor-element-7d44ca1 elementor-widget elementor-widget-text-editor\" data-id=\"7d44ca1\" data-element_type=\"widget\" data-e-type=\"widget\" data-widget_type=\"text-editor.default\">\n\t\t\t\t<div class=\"elementor-widget-container\">\n\t\t\t\t\t\t\t\t\t<h3 style=\"text-align: center;\"><img fetchpriority=\"high\" decoding=\"async\" class=\"alignnone wp-image-17925 size-full\" src=\"http:\/\/www.papiliorama.ch\/wp-content\/uploads\/2022\/02\/Papiliorama_Tukan_005.jpg\" alt=\"\" width=\"1024\" height=\"683\" srcset=\"https:\/\/www.papiliorama.ch\/wp-content\/uploads\/2022\/02\/Papiliorama_Tukan_005.jpg 1024w, https:\/\/www.papiliorama.ch\/wp-content\/uploads\/2022\/02\/Papiliorama_Tukan_005-600x400.jpg 600w, https:\/\/www.papiliorama.ch\/wp-content\/uploads\/2022\/02\/Papiliorama_Tukan_005-300x200.jpg 300w, https:\/\/www.papiliorama.ch\/wp-content\/uploads\/2022\/02\/Papiliorama_Tukan_005-768x512.jpg 768w\" sizes=\"(max-width: 1024px) 100vw, 1024px\" \/><\/h3>\n<p><\/p>\n<h3 style=\"text-align: center;\"><strong>GRANDE SALLE<\/strong><\/h3>\n<p><\/p>\n<p style=\"text-align: center;\"><span style=\"color: var( --e-global-color-primary ); font-family: var( --e-global-typography-primary-font-family ), Sans-serif; font-size: var( --e-global-typography-primary-font-size ); font-weight: var( --e-global-typography-primary-font-weight );\">150- 400 personnes<br \/>\n390 m2<\/span><\/p>\n<p>&nbsp;<\/p>\n\t\t\t\t\t\t\t\t<\/div>\n\t\t\t\t<\/div>\n\t\t\t\t\t<\/div>\n\t\t<\/div>\n\t\t\t\t<div class=\"elementor-column elementor-col-33 elementor-top-column elementor-element elementor-element-c150b66\" data-id=\"c150b66\" data-element_type=\"column\" data-e-type=\"column\">\n\t\t\t<div class=\"elementor-widget-wrap\">\n\t\t\t\t\t\t\t<\/div>\n\t\t<\/div>\n\t\t\t\t<div class=\"elementor-column elementor-col-33 elementor-top-column elementor-element elementor-element-4dfa8be\" data-id=\"4dfa8be\" data-element_type=\"column\" data-e-type=\"column\">\n\t\t\t<div class=\"elementor-widget-wrap elementor-element-populated\">\n\t\t\t\t\t\t<div class=\"elementor-element elementor-element-d61654b elementor-widget__width-initial elementor-widget elementor-widget-spacer\" data-id=\"d61654b\" data-element_type=\"widget\" data-e-type=\"widget\" data-widget_type=\"spacer.default\">\n\t\t\t\t<div class=\"elementor-widget-container\">\n\t\t\t\t\t\t\t<div class=\"elementor-spacer\">\n\t\t\t<div class=\"elementor-spacer-inner\"><\/div>\n\t\t<\/div>\n\t\t\t\t\t\t<\/div>\n\t\t\t\t<\/div>\n\t\t\t\t<div class=\"elementor-element elementor-element-5cff7b8 elementor-widget__width-initial elementor-view-default elementor-widget elementor-widget-icon\" data-id=\"5cff7b8\" data-element_type=\"widget\" data-e-type=\"widget\" data-widget_type=\"icon.default\">\n\t\t\t\t<div class=\"elementor-widget-container\">\n\t\t\t\t\t\t\t<div class=\"elementor-icon-wrapper\">\n\t\t\t<div class=\"elementor-icon\">\n\t\t\t<i aria-hidden=\"true\" class=\"fas fa-info-circle\"><\/i>\t\t\t<\/div>\n\t\t<\/div>\n\t\t\t\t\t\t<\/div>\n\t\t\t\t<\/div>\n\t\t\t\t<div class=\"elementor-element elementor-element-35c5957 elementor-widget__width-initial elementor-widget elementor-widget-text-editor\" data-id=\"35c5957\" data-element_type=\"widget\" data-e-type=\"widget\" data-widget_type=\"text-editor.default\">\n\t\t\t\t<div class=\"elementor-widget-container\">\n\t\t\t\t\t\t\t\t\t<p style=\"text-align: center;\"><strong><br \/>\nPour toute question ou demande particuli\u00e8re, nous nous tenons \u00e0 votre disposition.<br \/>\n<\/strong><\/p>\n<p><\/p>\n<p style=\"text-align: center;\">Nous nous r\u00e9jouissons de votre prise de contact.<\/p>\n\t\t\t\t\t\t\t\t<\/div>\n\t\t\t\t<\/div>\n\t\t\t\t<div class=\"elementor-element elementor-element-1c4026e elementor-align-center elementor-widget__width-initial elementor-widget elementor-widget-button\" data-id=\"1c4026e\" data-element_type=\"widget\" data-e-type=\"widget\" data-widget_type=\"button.default\">\n\t\t\t\t<div class=\"elementor-widget-container\">\n\t\t\t\t\t\t\t\t\t<div class=\"elementor-button-wrapper\">\n\t\t\t\t\t<a class=\"elementor-button elementor-button-link elementor-size-sm\" href=\"https:\/\/www.papiliorama.ch\/fr\/demande-de-reservation\/\" target=\"_blank\">\n\t\t\t\t\t\t<span class=\"elementor-button-content-wrapper\">\n\t\t\t\t\t\t\t\t\t<span class=\"elementor-button-text\">Demande de r\u00e9servation<\/span>\n\t\t\t\t\t<\/span>\n\t\t\t\t\t<\/a>\n\t\t\t\t<\/div>\n\t\t\t\t\t\t\t\t<\/div>\n\t\t\t\t<\/div>\n\t\t\t\t\t<\/div>\n\t\t<\/div>\n\t\t\t\t\t<\/div>\n\t\t<\/section>\n\t\t\t\t<section class=\"elementor-section elementor-top-section elementor-element elementor-element-26fbc6b elementor-section-boxed elementor-section-height-default elementor-section-height-default\" data-id=\"26fbc6b\" data-element_type=\"section\" data-e-type=\"section\">\n\t\t\t\t\t\t<div class=\"elementor-container elementor-column-gap-default\">\n\t\t\t\t\t<div class=\"elementor-column elementor-col-100 elementor-top-column elementor-element elementor-element-fdceb1e\" data-id=\"fdceb1e\" data-element_type=\"column\" data-e-type=\"column\">\n\t\t\t<div class=\"elementor-widget-wrap elementor-element-populated\">\n\t\t\t\t\t\t<div class=\"elementor-element elementor-element-4c06837 elementor-widget-divider--view-line elementor-widget elementor-widget-divider\" data-id=\"4c06837\" data-element_type=\"widget\" data-e-type=\"widget\" data-widget_type=\"divider.default\">\n\t\t\t\t<div class=\"elementor-widget-container\">\n\t\t\t\t\t\t\t<div class=\"elementor-divider\">\n\t\t\t<span class=\"elementor-divider-separator\">\n\t\t\t\t\t\t<\/span>\n\t\t<\/div>\n\t\t\t\t\t\t<\/div>\n\t\t\t\t<\/div>\n\t\t\t\t\t<\/div>\n\t\t<\/div>\n\t\t\t\t\t<\/div>\n\t\t<\/section>\n\t\t\t\t<section class=\"elementor-section elementor-top-section elementor-element elementor-element-2a501fc elementor-section-boxed elementor-section-height-default elementor-section-height-default\" data-id=\"2a501fc\" data-element_type=\"section\" data-e-type=\"section\">\n\t\t\t\t\t\t<div class=\"elementor-container elementor-column-gap-default\">\n\t\t\t\t\t<div class=\"elementor-column elementor-col-50 elementor-top-column elementor-element elementor-element-b63ebf1\" data-id=\"b63ebf1\" data-element_type=\"column\" data-e-type=\"column\">\n\t\t\t<div class=\"elementor-widget-wrap elementor-element-populated\">\n\t\t\t\t\t\t<div class=\"elementor-element elementor-element-bae1530 elementor-widget elementor-widget-text-editor\" data-id=\"bae1530\" data-element_type=\"widget\" data-e-type=\"widget\" data-widget_type=\"text-editor.default\">\n\t\t\t\t<div class=\"elementor-widget-container\">\n\t\t\t\t\t\t\t\t\t<h3><strong>Infrastructure<\/strong><\/h3><ul><li>\u00c9cran mobile interactif 4K de 86 pouces<\/li><li>Wifi, Internet<\/li><li>Climitisation<\/li><li>\u00c9clairage \u00e0 intensit\u00e9 variable<\/li><li>Prises de courant au sol 230 V disponibles<\/li><li>Tableau de conf\u00e9rence<\/li><li>Mallette de mod\u00e9ration<\/li><li>Pupitre d\u2019orateur *<\/li><li>\u00c9l\u00e9ments de sc\u00e8ne (2&#215;1 m) *<\/li><li>Autres \u00e9quipements techniques sur demande *<\/li><\/ul>\t\t\t\t\t\t\t\t<\/div>\n\t\t\t\t<\/div>\n\t\t\t\t\t<\/div>\n\t\t<\/div>\n\t\t\t\t<div class=\"elementor-column elementor-col-50 elementor-top-column elementor-element elementor-element-b75d959\" data-id=\"b75d959\" data-element_type=\"column\" data-e-type=\"column\">\n\t\t\t<div class=\"elementor-widget-wrap elementor-element-populated\">\n\t\t\t\t\t\t<div class=\"elementor-element elementor-element-2df3726 elementor-widget elementor-widget-text-editor\" data-id=\"2df3726\" data-element_type=\"widget\" data-e-type=\"widget\" data-widget_type=\"text-editor.default\">\n\t\t\t\t<div class=\"elementor-widget-container\">\n\t\t\t\t\t\t\t\t\t<h3>Frais de location<\/h3><ul><li>Demi-journ\u00e9e : 900 CHF<\/li><li>Journ\u00e9e compl\u00e8te : 1\u2019500 CHF<\/li><li>Par heure entam\u00e9e en dehors des heures d\u2019ouverture : 80 CHF<br \/><br \/><\/li><\/ul><p><em>\u00a0 \u00a0 *\u00a0 \u00c9quipement en option ; prix sur demande<\/em><\/p>\t\t\t\t\t\t\t\t<\/div>\n\t\t\t\t<\/div>\n\t\t\t\t\t<\/div>\n\t\t<\/div>\n\t\t\t\t\t<\/div>\n\t\t<\/section>\n\t\t\t\t<section class=\"elementor-section elementor-top-section elementor-element elementor-element-46e8b4b elementor-section-boxed elementor-section-height-default elementor-section-height-default\" data-id=\"46e8b4b\" data-element_type=\"section\" data-e-type=\"section\">\n\t\t\t\t\t\t<div class=\"elementor-container elementor-column-gap-default\">\n\t\t\t\t\t<div class=\"elementor-column elementor-col-100 elementor-top-column elementor-element elementor-element-59de9d8\" data-id=\"59de9d8\" data-element_type=\"column\" data-e-type=\"column\">\n\t\t\t<div class=\"elementor-widget-wrap elementor-element-populated\">\n\t\t\t\t\t\t<div class=\"elementor-element elementor-element-52e6155 elementor-widget-divider--view-line elementor-widget elementor-widget-divider\" data-id=\"52e6155\" data-element_type=\"widget\" data-e-type=\"widget\" data-widget_type=\"divider.default\">\n\t\t\t\t<div class=\"elementor-widget-container\">\n\t\t\t\t\t\t\t<div class=\"elementor-divider\">\n\t\t\t<span class=\"elementor-divider-separator\">\n\t\t\t\t\t\t<\/span>\n\t\t<\/div>\n\t\t\t\t\t\t<\/div>\n\t\t\t\t<\/div>\n\t\t\t\t\t<\/div>\n\t\t<\/div>\n\t\t\t\t\t<\/div>\n\t\t<\/section>\n\t\t\t\t<section class=\"elementor-section elementor-top-section elementor-element elementor-element-19d374e elementor-section-boxed elementor-section-height-default elementor-section-height-default\" data-id=\"19d374e\" data-element_type=\"section\" data-e-type=\"section\">\n\t\t\t\t\t\t<div class=\"elementor-container elementor-column-gap-default\">\n\t\t\t\t\t<div class=\"elementor-column elementor-col-100 elementor-top-column elementor-element elementor-element-0ccfa60\" data-id=\"0ccfa60\" data-element_type=\"column\" data-e-type=\"column\">\n\t\t\t<div class=\"elementor-widget-wrap elementor-element-populated\">\n\t\t\t\t\t\t<div class=\"elementor-element elementor-element-3c3835c elementor-widget elementor-widget-text-editor\" data-id=\"3c3835c\" data-element_type=\"widget\" data-e-type=\"widget\" data-widget_type=\"text-editor.default\">\n\t\t\t\t<div class=\"elementor-widget-container\">\n\t\t\t\t\t\t\t\t\t<section class=\"elementor-section elementor-top-section elementor-element elementor-element-8c7c1fd elementor-section-boxed elementor-section-height-default elementor-section-height-default\" data-id=\"8c7c1fd\" data-element_type=\"section\"><div class=\"elementor-container elementor-column-gap-default\"><div class=\"elementor-column elementor-col-100 elementor-top-column elementor-element elementor-element-ceaff5a\" data-id=\"ceaff5a\" data-element_type=\"column\"><div class=\"elementor-widget-wrap elementor-element-populated\"><div class=\"elementor-element elementor-element-65791b1 elementor-widget elementor-widget-text-editor\" data-id=\"65791b1\" data-element_type=\"widget\" data-widget_type=\"text-editor.default\"><div class=\"elementor-widget-container\"><section class=\"elementor-section elementor-top-section elementor-element elementor-element-8cf3e9e elementor-section-boxed elementor-section-height-default elementor-section-height-default\" data-id=\"8cf3e9e\" data-element_type=\"section\"><div class=\"elementor-container elementor-column-gap-default\"><div class=\"elementor-column elementor-col-100 elementor-top-column elementor-element elementor-element-6f704d1\" data-id=\"6f704d1\" data-element_type=\"column\"><div class=\"elementor-widget-wrap elementor-element-populated\"><div class=\"elementor-element elementor-element-30492d8 elementor-widget elementor-widget-text-editor\" data-id=\"30492d8\" data-element_type=\"widget\" data-widget_type=\"text-editor.default\"><div class=\"elementor-widget-container\"><h3><strong>Culinaire<\/strong><\/h3><p>Nous proposons de nombreuses possibilit\u00e9s de restauration. D\u00e9couvrez\u00a0 <a href=\"https:\/\/www.papiliorama.ch\/kulinarik\/\" target=\"_blank\" rel=\"noopener\">ici notre offre compl\u00e8te.<\/a><\/p><\/div><\/div><\/div><\/div><\/div><\/section><\/div><\/div><\/div><\/div><\/div><\/section>\t\t\t\t\t\t\t\t<\/div>\n\t\t\t\t<\/div>\n\t\t\t\t<div class=\"elementor-element elementor-element-d3ea985 elementor-widget-divider--view-line elementor-widget elementor-widget-divider\" data-id=\"d3ea985\" data-element_type=\"widget\" data-e-type=\"widget\" data-widget_type=\"divider.default\">\n\t\t\t\t<div class=\"elementor-widget-container\">\n\t\t\t\t\t\t\t<div class=\"elementor-divider\">\n\t\t\t<span class=\"elementor-divider-separator\">\n\t\t\t\t\t\t<\/span>\n\t\t<\/div>\n\t\t\t\t\t\t<\/div>\n\t\t\t\t<\/div>\n\t\t\t\t\t<\/div>\n\t\t<\/div>\n\t\t\t\t\t<\/div>\n\t\t<\/section>\n\t\t\t\t<section class=\"elementor-section elementor-top-section elementor-element elementor-element-a74a5cc elementor-section-boxed elementor-section-height-default elementor-section-height-default\" data-id=\"a74a5cc\" data-element_type=\"section\" data-e-type=\"section\">\n\t\t\t\t\t\t<div class=\"elementor-container elementor-column-gap-default\">\n\t\t\t\t\t<div class=\"elementor-column elementor-col-100 elementor-top-column elementor-element elementor-element-5d55b85\" data-id=\"5d55b85\" data-element_type=\"column\" data-e-type=\"column\">\n\t\t\t<div class=\"elementor-widget-wrap elementor-element-populated\">\n\t\t\t\t\t\t<div class=\"elementor-element elementor-element-75ae983 elementor-widget elementor-widget-text-editor\" data-id=\"75ae983\" data-element_type=\"widget\" data-e-type=\"widget\" data-widget_type=\"text-editor.default\">\n\t\t\t\t<div class=\"elementor-widget-container\">\n\t\t\t\t\t\t\t\t\t<h3><strong>Plan de situation<\/strong><\/h3>\n<p><img decoding=\"async\" class=\"aligncenter wp-image-29723\" src=\"http:\/\/www.papiliorama.ch\/wp-content\/uploads\/2025\/02\/Saalplan.jpg\" alt=\"\" width=\"544\" height=\"600\" srcset=\"https:\/\/www.papiliorama.ch\/wp-content\/uploads\/2025\/02\/Saalplan.jpg 821w, https:\/\/www.papiliorama.ch\/wp-content\/uploads\/2025\/02\/Saalplan-272x300.jpg 272w, https:\/\/www.papiliorama.ch\/wp-content\/uploads\/2025\/02\/Saalplan-768x848.jpg 768w, https:\/\/www.papiliorama.ch\/wp-content\/uploads\/2025\/02\/Saalplan-600x662.jpg 600w\" sizes=\"(max-width: 544px) 100vw, 544px\" \/><\/p>\n\t\t\t\t\t\t\t\t<\/div>\n\t\t\t\t<\/div>\n\t\t\t\t\t<\/div>\n\t\t<\/div>\n\t\t\t\t\t<\/div>\n\t\t<\/section>\n\t\t\t\t<section class=\"elementor-section elementor-top-section elementor-element elementor-element-e99f503 elementor-section-boxed elementor-section-height-default elementor-section-height-default\" data-id=\"e99f503\" data-element_type=\"section\" data-e-type=\"section\">\n\t\t\t\t\t\t<div class=\"elementor-container elementor-column-gap-default\">\n\t\t\t\t\t<div class=\"elementor-column elementor-col-100 elementor-top-column elementor-element elementor-element-2ea2628\" data-id=\"2ea2628\" data-element_type=\"column\" data-e-type=\"column\">\n\t\t\t<div class=\"elementor-widget-wrap elementor-element-populated\">\n\t\t\t\t\t\t<div class=\"elementor-element elementor-element-ff88a24 elementor-widget-divider--view-line elementor-widget elementor-widget-divider\" data-id=\"ff88a24\" data-element_type=\"widget\" data-e-type=\"widget\" data-widget_type=\"divider.default\">\n\t\t\t\t<div class=\"elementor-widget-container\">\n\t\t\t\t\t\t\t<div class=\"elementor-divider\">\n\t\t\t<span class=\"elementor-divider-separator\">\n\t\t\t\t\t\t<\/span>\n\t\t<\/div>\n\t\t\t\t\t\t<\/div>\n\t\t\t\t<\/div>\n\t\t\t\t\t<\/div>\n\t\t<\/div>\n\t\t\t\t\t<\/div>\n\t\t<\/section>\n\t\t\t\t<section class=\"elementor-section elementor-top-section elementor-element elementor-element-250f918 elementor-section-boxed elementor-section-height-default elementor-section-height-default\" data-id=\"250f918\" data-element_type=\"section\" data-e-type=\"section\">\n\t\t\t\t\t\t<div class=\"elementor-container elementor-column-gap-default\">\n\t\t\t\t\t<div class=\"elementor-column elementor-col-100 elementor-top-column elementor-element elementor-element-18870b4\" data-id=\"18870b4\" data-element_type=\"column\" data-e-type=\"column\">\n\t\t\t<div class=\"elementor-widget-wrap elementor-element-populated\">\n\t\t\t\t\t\t<div class=\"elementor-element elementor-element-40bc58f elementor-view-default elementor-widget elementor-widget-icon\" data-id=\"40bc58f\" data-element_type=\"widget\" data-e-type=\"widget\" data-widget_type=\"icon.default\">\n\t\t\t\t<div class=\"elementor-widget-container\">\n\t\t\t\t\t\t\t<div class=\"elementor-icon-wrapper\">\n\t\t\t<a class=\"elementor-icon\" href=\"https:\/\/www.papiliorama.ch\/events-2\/\" target=\"_blank\">\n\t\t\t<i aria-hidden=\"true\" class=\"fas fa-arrow-circle-left\"><\/i>\t\t\t<\/a>\n\t\t<\/div>\n\t\t\t\t\t\t<\/div>\n\t\t\t\t<\/div>\n\t\t\t\t\t<\/div>\n\t\t<\/div>\n\t\t\t\t\t<\/div>\n\t\t<\/section>\n\t\t\t\t<section class=\"elementor-section elementor-top-section elementor-element elementor-element-9489aaa elementor-section-boxed elementor-section-height-default elementor-section-height-default\" data-id=\"9489aaa\" data-element_type=\"section\" data-e-type=\"section\">\n\t\t\t\t\t\t<div class=\"elementor-container elementor-column-gap-default\">\n\t\t\t\t\t<div class=\"elementor-column elementor-col-100 elementor-top-column elementor-element elementor-element-bd309de\" data-id=\"bd309de\" data-element_type=\"column\" data-e-type=\"column\">\n\t\t\t<div class=\"elementor-widget-wrap elementor-element-populated\">\n\t\t\t\t\t\t<div class=\"elementor-element elementor-element-9066b8e elementor-widget elementor-widget-spacer\" data-id=\"9066b8e\" data-element_type=\"widget\" data-e-type=\"widget\" data-widget_type=\"spacer.default\">\n\t\t\t\t<div class=\"elementor-widget-container\">\n\t\t\t\t\t\t\t<div class=\"elementor-spacer\">\n\t\t\t<div class=\"elementor-spacer-inner\"><\/div>\n\t\t<\/div>\n\t\t\t\t\t\t<\/div>\n\t\t\t\t<\/div>\n\t\t\t\t\t<\/div>\n\t\t<\/div>\n\t\t\t\t\t<\/div>\n\t\t<\/section>\n\t\t\t\t<\/div>\n\t\t","protected":false},"excerpt":{"rendered":"<p>GRANDE SALLE GRANDE SALLE 150- 400 personnes 390 m2 &nbsp; Pour toute question ou demande particuli\u00e8re, nous nous tenons \u00e0 votre disposition. Nous nous r\u00e9jouissons de votre prise de contact. Demande de r\u00e9servation Infrastructure \u00c9cran mobile interactif 4K de 86 pouces Wifi, Internet Climitisation \u00c9clairage \u00e0 intensit\u00e9 variable Prises de courant au sol 230 V [&hellip;]<\/p>\n","protected":false},"author":1,"featured_media":0,"parent":0,"menu_order":0,"comment_status":"closed","ping_status":"closed","template":"","meta":{"footnotes":""},"class_list":["post-29954","page","type-page","status-publish","hentry"],"featured_image_urls_v2":{"full":"","thumbnail":"","medium":"","medium_large":"","large":"","1536x1536":"","2048x2048":"","woocommerce_thumbnail":"","woocommerce_single":"","woocommerce_gallery_thumbnail":""},"post_excerpt_stackable_v2":"<p>GRANDE SALLE GRANDE SALLE 150- 400 personnes 390 m2 &nbsp; Pour toute question ou demande particuli\u00e8re, nous nous tenons \u00e0 votre disposition. Nous nous r\u00e9jouissons de votre prise de contact. Demande de r\u00e9servation Infrastructure\u00c9cran mobile interactif 4K de 86 poucesWifi, InternetClimitisation\u00c9clairage \u00e0 intensit\u00e9 variablePrises de courant au sol 230 V disponiblesTableau de conf\u00e9renceMallette de mod\u00e9rationPupitre d\u2019orateur *\u00c9l\u00e9ments de sc\u00e8ne (2&#215;1 m) *Autres \u00e9quipements techniques sur demande * Frais de locationDemi-journ\u00e9e : 900 CHFJourn\u00e9e compl\u00e8te : 1\u2019500 CHFPar heure entam\u00e9e en dehors des heures d\u2019ouverture : 80 CHF\u00a0 \u00a0 *\u00a0 \u00c9quipement en option ; prix sur demande CulinaireNous proposons de nombreuses\u2026<\/p>\n","category_list_v2":"","author_info_v2":{"name":"papAdmin","url":"https:\/\/www.papiliorama.ch\/fr\/author\/papadmin\/"},"comments_num_v2":"0 commentaire","_links":{"self":[{"href":"https:\/\/www.papiliorama.ch\/fr\/wp-json\/wp\/v2\/pages\/29954","targetHints":{"allow":["GET"]}}],"collection":[{"href":"https:\/\/www.papiliorama.ch\/fr\/wp-json\/wp\/v2\/pages"}],"about":[{"href":"https:\/\/www.papiliorama.ch\/fr\/wp-json\/wp\/v2\/types\/page"}],"author":[{"embeddable":true,"href":"https:\/\/www.papiliorama.ch\/fr\/wp-json\/wp\/v2\/users\/1"}],"replies":[{"embeddable":true,"href":"https:\/\/www.papiliorama.ch\/fr\/wp-json\/wp\/v2\/comments?post=29954"}],"version-history":[{"count":13,"href":"https:\/\/www.papiliorama.ch\/fr\/wp-json\/wp\/v2\/pages\/29954\/revisions"}],"predecessor-version":[{"id":32938,"href":"https:\/\/www.papiliorama.ch\/fr\/wp-json\/wp\/v2\/pages\/29954\/revisions\/32938"}],"wp:attachment":[{"href":"https:\/\/www.papiliorama.ch\/fr\/wp-json\/wp\/v2\/media?parent=29954"}],"curies":[{"name":"wp","href":"https:\/\/api.w.org\/{rel}","templated":true}]}}