{"id":29803,"date":"2025-03-10T00:32:16","date_gmt":"2025-03-09T23:32:16","guid":{"rendered":"https:\/\/www.papiliorama.ch\/?page_id=29803"},"modified":"2025-11-30T21:55:57","modified_gmt":"2025-11-30T20:55:57","slug":"demande-de-reservation","status":"publish","type":"page","link":"https:\/\/www.papiliorama.ch\/fr\/demande-de-reservation\/","title":{"rendered":"Demande de r\u00e9servation"},"content":{"rendered":"\t\t<div data-elementor-type=\"wp-page\" data-elementor-id=\"29803\" class=\"elementor elementor-29803 elementor-29801\" data-elementor-post-type=\"page\">\n\t\t\t\t\t\t<section class=\"elementor-section elementor-top-section elementor-element elementor-element-f50bb47 elementor-section-full_width elementor-section-height-min-height elementor-section-height-default elementor-section-items-middle\" data-id=\"f50bb47\" data-element_type=\"section\" data-e-type=\"section\" data-settings=\"{&quot;background_background&quot;:&quot;classic&quot;}\">\n\t\t\t\t\t\t<div class=\"elementor-container elementor-column-gap-default\">\n\t\t\t\t\t<div class=\"elementor-column elementor-col-100 elementor-top-column elementor-element elementor-element-2049cd9\" data-id=\"2049cd9\" data-element_type=\"column\" data-e-type=\"column\">\n\t\t\t<div class=\"elementor-widget-wrap elementor-element-populated\">\n\t\t\t\t\t\t<div class=\"elementor-element elementor-element-d667c80 elementor-widget elementor-widget-heading\" data-id=\"d667c80\" data-element_type=\"widget\" data-e-type=\"widget\" data-widget_type=\"heading.default\">\n\t\t\t\t<div class=\"elementor-widget-container\">\n\t\t\t\t\t<h2 class=\"elementor-heading-title elementor-size-default\">Demande de r\u00e9servation<\/h2>\t\t\t\t<\/div>\n\t\t\t\t<\/div>\n\t\t\t\t\t<\/div>\n\t\t<\/div>\n\t\t\t\t\t<\/div>\n\t\t<\/section>\n\t\t\t\t<section class=\"elementor-section elementor-top-section elementor-element elementor-element-3a28857 elementor-section-boxed elementor-section-height-default elementor-section-height-default\" data-id=\"3a28857\" data-element_type=\"section\" data-e-type=\"section\">\n\t\t\t\t\t\t<div class=\"elementor-container elementor-column-gap-default\">\n\t\t\t\t\t<div class=\"elementor-column elementor-col-100 elementor-top-column elementor-element elementor-element-8296497\" data-id=\"8296497\" data-element_type=\"column\" data-e-type=\"column\">\n\t\t\t<div class=\"elementor-widget-wrap elementor-element-populated\">\n\t\t\t\t\t\t<div class=\"elementor-element elementor-element-b3b88e5 elementor-widget elementor-widget-spacer\" data-id=\"b3b88e5\" data-element_type=\"widget\" data-e-type=\"widget\" data-widget_type=\"spacer.default\">\n\t\t\t\t<div class=\"elementor-widget-container\">\n\t\t\t\t\t\t\t<div class=\"elementor-spacer\">\n\t\t\t<div class=\"elementor-spacer-inner\"><\/div>\n\t\t<\/div>\n\t\t\t\t\t\t<\/div>\n\t\t\t\t<\/div>\n\t\t\t\t\t<\/div>\n\t\t<\/div>\n\t\t\t\t\t<\/div>\n\t\t<\/section>\n\t\t\t\t<section class=\"elementor-section elementor-top-section elementor-element elementor-element-c46274e elementor-section-boxed elementor-section-height-default elementor-section-height-default\" data-id=\"c46274e\" data-element_type=\"section\" data-e-type=\"section\">\n\t\t\t\t\t\t<div class=\"elementor-container elementor-column-gap-default\">\n\t\t\t\t\t<div class=\"elementor-column elementor-col-100 elementor-top-column elementor-element elementor-element-1a93002\" data-id=\"1a93002\" data-element_type=\"column\" data-e-type=\"column\">\n\t\t\t<div class=\"elementor-widget-wrap elementor-element-populated\">\n\t\t\t\t\t\t<div class=\"elementor-element elementor-element-1bac4e0 elementor-widget elementor-widget-text-editor\" data-id=\"1bac4e0\" data-element_type=\"widget\" data-e-type=\"widget\" data-widget_type=\"text-editor.default\">\n\t\t\t\t<div class=\"elementor-widget-container\">\n\t\t\t\t\t\t\t\t\t<p><strong>Comment souhaitez-vous organiser votre \u00e9v\u00e9nement ? Cette demande est sans engagement et ne constitue pas une r\u00e9servation.<\/strong><\/p>\n\t\t\t\t\t\t\t\t<\/div>\n\t\t\t\t<\/div>\n\t\t\t\t\t<\/div>\n\t\t<\/div>\n\t\t\t\t\t<\/div>\n\t\t<\/section>\n\t\t\t\t<section class=\"elementor-section elementor-top-section elementor-element elementor-element-e1b2480 elementor-section-boxed elementor-section-height-default elementor-section-height-default\" data-id=\"e1b2480\" data-element_type=\"section\" data-e-type=\"section\">\n\t\t\t\t\t\t<div class=\"elementor-container elementor-column-gap-default\">\n\t\t\t\t\t<div class=\"elementor-column elementor-col-100 elementor-top-column elementor-element elementor-element-096ef58\" data-id=\"096ef58\" data-element_type=\"column\" data-e-type=\"column\">\n\t\t\t<div class=\"elementor-widget-wrap elementor-element-populated\">\n\t\t\t\t\t\t<div class=\"elementor-element elementor-element-b961814 elementor-button-align-start elementor-widget elementor-widget-form\" data-id=\"b961814\" data-element_type=\"widget\" data-e-type=\"widget\" data-settings=\"{&quot;step_next_label&quot;:&quot;Suivant&quot;,&quot;step_previous_label&quot;:&quot;Pr\\u00e9c\\u00e9dent&quot;,&quot;button_width&quot;:&quot;50&quot;,&quot;step_type&quot;:&quot;number_text&quot;,&quot;step_icon_shape&quot;:&quot;circle&quot;}\" data-widget_type=\"form.default\">\n\t\t\t\t<div class=\"elementor-widget-container\">\n\t\t\t\t\t\t\t<form class=\"elementor-form\" method=\"post\" name=\"Nouveau formulaire\" aria-label=\"Nouveau formulaire\">\n\t\t\t<input type=\"hidden\" name=\"post_id\" value=\"29803\"\/>\n\t\t\t<input type=\"hidden\" name=\"form_id\" value=\"b961814\"\/>\n\t\t\t<input type=\"hidden\" name=\"referer_title\" value=\"Demande de r\u00e9servation\" \/>\n\n\t\t\t\t\t\t\t<input type=\"hidden\" name=\"queried_id\" value=\"29803\"\/>\n\t\t\t\n\t\t\t<div class=\"elementor-form-fields-wrapper elementor-labels-above\">\n\t\t\t\t\t\t\t\t<div class=\"elementor-field-type-text elementor-field-group elementor-column elementor-field-group-name elementor-col-100 elementor-field-required elementor-mark-required\">\n\t\t\t\t\t\t\t\t\t\t\t\t<label for=\"form-field-name\" class=\"elementor-field-label\">\n\t\t\t\t\t\t\t\tNom de l'institution\/entreprise\t\t\t\t\t\t\t<\/label>\n\t\t\t\t\t\t\t\t\t\t\t\t\t\t<input size=\"1\" type=\"text\" name=\"form_fields[name]\" id=\"form-field-name\" class=\"elementor-field elementor-size-md  elementor-field-textual\" required=\"required\">\n\t\t\t\t\t\t\t\t\t\t\t<\/div>\n\t\t\t\t\t\t\t\t<div class=\"elementor-field-type-text elementor-field-group elementor-column elementor-field-group-email elementor-col-100 elementor-field-required elementor-mark-required\">\n\t\t\t\t\t\t\t\t\t\t\t\t<label for=\"form-field-email\" class=\"elementor-field-label\">\n\t\t\t\t\t\t\t\tPr\u00e9nom et nom de la personne de contact\t\t\t\t\t\t\t<\/label>\n\t\t\t\t\t\t\t\t\t\t\t\t\t\t<input size=\"1\" type=\"text\" name=\"form_fields[email]\" id=\"form-field-email\" class=\"elementor-field elementor-size-md  elementor-field-textual\" required=\"required\">\n\t\t\t\t\t\t\t\t\t\t\t<\/div>\n\t\t\t\t\t\t\t\t<div class=\"elementor-field-type-email elementor-field-group elementor-column elementor-field-group-field_b6e0a99 elementor-col-100 elementor-field-required elementor-mark-required\">\n\t\t\t\t\t\t\t\t\t\t\t\t<label for=\"form-field-field_b6e0a99\" class=\"elementor-field-label\">\n\t\t\t\t\t\t\t\tAdresse e-mail\t\t\t\t\t\t\t<\/label>\n\t\t\t\t\t\t\t\t\t\t\t\t\t\t<input size=\"1\" type=\"email\" name=\"form_fields[field_b6e0a99]\" id=\"form-field-field_b6e0a99\" class=\"elementor-field elementor-size-md  elementor-field-textual\" required=\"required\">\n\t\t\t\t\t\t\t\t\t\t\t<\/div>\n\t\t\t\t\t\t\t\t<div class=\"elementor-field-type-tel elementor-field-group elementor-column elementor-field-group-field_8b77cae elementor-col-100 elementor-field-required elementor-mark-required\">\n\t\t\t\t\t\t\t\t\t\t\t\t<label for=\"form-field-field_8b77cae\" class=\"elementor-field-label\">\n\t\t\t\t\t\t\t\tNum\u00e9ro de t\u00e9l\u00e9phone portable \t\t\t\t\t\t\t<\/label>\n\t\t\t\t\t\t\t\t<input size=\"1\" type=\"tel\" name=\"form_fields[field_8b77cae]\" id=\"form-field-field_8b77cae\" class=\"elementor-field elementor-size-md  elementor-field-textual\" required=\"required\" pattern=\"[0-9()#&amp;+*-=.]+\" title=\"Seuls les caract\u00e8res de num\u00e9ros de t\u00e9l\u00e9phone (#, -, *, etc.) sont accept\u00e9s.\">\n\n\t\t\t\t\t\t<\/div>\n\t\t\t\t\t\t\t\t<div class=\"elementor-field-type-text elementor-field-group elementor-column elementor-field-group-field_49ad811 elementor-col-100 elementor-field-required elementor-mark-required\">\n\t\t\t\t\t\t\t\t\t\t\t\t<label for=\"form-field-field_49ad811\" class=\"elementor-field-label\">\n\t\t\t\t\t\t\t\tAdresse\/code postal\/localit\u00e9\t\t\t\t\t\t\t<\/label>\n\t\t\t\t\t\t\t\t\t\t\t\t\t\t<input size=\"1\" type=\"text\" name=\"form_fields[field_49ad811]\" id=\"form-field-field_49ad811\" class=\"elementor-field elementor-size-md  elementor-field-textual\" required=\"required\">\n\t\t\t\t\t\t\t\t\t\t\t<\/div>\n\t\t\t\t\t\t\t\t<div class=\"elementor-field-type-text elementor-field-group elementor-column elementor-field-group-field_9a873f4 elementor-col-100 elementor-field-required elementor-mark-required\">\n\t\t\t\t\t\t\t\t\t\t\t\t<label for=\"form-field-field_9a873f4\" class=\"elementor-field-label\">\n\t\t\t\t\t\t\t\tType d\u2019\u00e9v\u00e9nement\t\t\t\t\t\t\t<\/label>\n\t\t\t\t\t\t\t\t\t\t\t\t\t\t<input size=\"1\" type=\"text\" name=\"form_fields[field_9a873f4]\" id=\"form-field-field_9a873f4\" class=\"elementor-field elementor-size-md  elementor-field-textual\" placeholder=\"S\u00e9minaire, conf\u00e9rence, assembl\u00e9e g\u00e9n\u00e9rale, etc.\" required=\"required\">\n\t\t\t\t\t\t\t\t\t\t\t<\/div>\n\t\t\t\t\t\t\t\t<div class=\"elementor-field-type-date elementor-field-group elementor-column elementor-field-group-field_d6d41b8 elementor-col-100 elementor-field-required elementor-mark-required\">\n\t\t\t\t\t\t\t\t\t\t\t\t<label for=\"form-field-field_d6d41b8\" class=\"elementor-field-label\">\n\t\t\t\t\t\t\t\tDate de l\u2019\u00e9v\u00e9nement\t\t\t\t\t\t\t<\/label>\n\t\t\t\t\t\t\n\t\t<input type=\"date\" name=\"form_fields[field_d6d41b8]\" id=\"form-field-field_d6d41b8\" class=\"elementor-field elementor-size-md  elementor-field-textual elementor-date-field\" placeholder=\"tt.mm.jjjj\" required=\"required\" pattern=\"[0-9]{4}-[0-9]{2}-[0-9]{2}\">\n\t\t\t\t\t\t<\/div>\n\t\t\t\t\t\t\t\t<div class=\"elementor-field-type-time elementor-field-group elementor-column elementor-field-group-field_06d2529 elementor-col-100 elementor-field-required elementor-mark-required\">\n\t\t\t\t\t\t\t\t\t\t\t\t<label for=\"form-field-field_06d2529\" class=\"elementor-field-label\">\n\t\t\t\t\t\t\t\tHeure: de\t\t\t\t\t\t\t<\/label>\n\t\t\t\t\t\t\t\t<input type=\"time\" name=\"form_fields[field_06d2529]\" id=\"form-field-field_06d2529\" class=\"elementor-field elementor-size-md  elementor-field-textual elementor-time-field\" placeholder=\"00:00\" required=\"required\">\n\t\t\t\t\t\t<\/div>\n\t\t\t\t\t\t\t\t<div class=\"elementor-field-type-time elementor-field-group elementor-column elementor-field-group-field_01a5251 elementor-col-100 elementor-field-required elementor-mark-required\">\n\t\t\t\t\t\t\t\t\t\t\t\t<label for=\"form-field-field_01a5251\" class=\"elementor-field-label\">\n\t\t\t\t\t\t\t\tHeure: jusqu\u2019\u00e0\t\t\t\t\t\t\t<\/label>\n\t\t\t\t\t\t\t\t<input type=\"time\" name=\"form_fields[field_01a5251]\" id=\"form-field-field_01a5251\" class=\"elementor-field elementor-size-md  elementor-field-textual elementor-time-field\" placeholder=\"00:00\" required=\"required\">\n\t\t\t\t\t\t<\/div>\n\t\t\t\t\t\t\t\t<div class=\"elementor-field-type-date elementor-field-group elementor-column elementor-field-group-field_ab3a808 elementor-col-100\">\n\t\t\t\t\t\t\t\t\t\t\t\t<label for=\"form-field-field_ab3a808\" class=\"elementor-field-label\">\n\t\t\t\t\t\t\t\tDate de r\u00e9serve\t\t\t\t\t\t\t<\/label>\n\t\t\t\t\t\t\n\t\t<input type=\"date\" name=\"form_fields[field_ab3a808]\" id=\"form-field-field_ab3a808\" class=\"elementor-field elementor-size-md  elementor-field-textual elementor-date-field\" pattern=\"[0-9]{4}-[0-9]{2}-[0-9]{2}\">\n\t\t\t\t\t\t<\/div>\n\t\t\t\t\t\t\t\t<div class=\"elementor-field-type-text elementor-field-group elementor-column elementor-field-group-field_883f929 elementor-col-100 elementor-field-required elementor-mark-required\">\n\t\t\t\t\t\t\t\t\t\t\t\t<label for=\"form-field-field_883f929\" class=\"elementor-field-label\">\n\t\t\t\t\t\t\t\tNombre approximatif de personnes\t\t\t\t\t\t\t<\/label>\n\t\t\t\t\t\t\t\t\t\t\t\t\t\t<input size=\"1\" type=\"text\" name=\"form_fields[field_883f929]\" id=\"form-field-field_883f929\" class=\"elementor-field elementor-size-md  elementor-field-textual\" required=\"required\">\n\t\t\t\t\t\t\t\t\t\t\t<\/div>\n\t\t\t\t\t\t\t\t<div class=\"elementor-field-type-select elementor-field-group elementor-column elementor-field-group-field_532ed81 elementor-col-100\">\n\t\t\t\t\t\t\t\t\t\t\t\t<label for=\"form-field-field_532ed81\" class=\"elementor-field-label\">\n\t\t\t\t\t\t\t\tSalle souhait\u00e9e :\t\t\t\t\t\t\t<\/label>\n\t\t\t\t\t\t\t\t<div class=\"elementor-field elementor-select-wrapper remove-before \">\n\t\t\t<div class=\"select-caret-down-wrapper\">\n\t\t\t\t<i aria-hidden=\"true\" class=\"eicon-caret-down\"><\/i>\t\t\t<\/div>\n\t\t\t<select name=\"form_fields[field_532ed81]\" id=\"form-field-field_532ed81\" class=\"elementor-field-textual elementor-size-md\">\n\t\t\t\t\t\t\t\t\t<option value=\"S\u00e9minaire 2 (100 m2)\">S\u00e9minaire 2 (100 m2)<\/option>\n\t\t\t\t\t\t\t\t\t<option value=\"S\u00e9minaire 3 (140 m2)\">S\u00e9minaire 3 (140 m2)<\/option>\n\t\t\t\t\t\t\t\t\t<option value=\"S\u00e9minaire 2+3 (240 m2)\">S\u00e9minaire 2+3 (240 m2)<\/option>\n\t\t\t\t\t\t\t\t\t<option value=\"Grande salle (390 m2)\">Grande salle (390 m2)<\/option>\n\t\t\t\t\t\t\t\t\t<option value=\"Encore \u00e0 d\u00e9finir\">Encore \u00e0 d\u00e9finir<\/option>\n\t\t\t\t\t\t\t<\/select>\n\t\t<\/div>\n\t\t\t\t\t\t<\/div>\n\t\t\t\t\t\t\t\t<div class=\"elementor-field-type-checkbox elementor-field-group elementor-column elementor-field-group-field_e4f5ce9 elementor-col-100\">\n\t\t\t\t\t\t\t\t\t\t\t\t<label for=\"form-field-field_e4f5ce9\" class=\"elementor-field-label\">\n\t\t\t\t\t\t\t\tType de restauration souhait\u00e9 :\t\t\t\t\t\t\t<\/label>\n\t\t\t\t\t\t<div class=\"elementor-field-subgroup  \"><span class=\"elementor-field-option\"><input type=\"checkbox\" value=\"Croissants\" id=\"form-field-field_e4f5ce9-0\" name=\"form_fields[field_e4f5ce9][]\"> <label for=\"form-field-field_e4f5ce9-0\">Croissants<\/label><\/span><span class=\"elementor-field-option\"><input type=\"checkbox\" value=\"Corbeille de fruits \" id=\"form-field-field_e4f5ce9-1\" name=\"form_fields[field_e4f5ce9][]\"> <label for=\"form-field-field_e4f5ce9-1\">Corbeille de fruits <\/label><\/span><span class=\"elementor-field-option\"><input type=\"checkbox\" value=\"En-cas pour la pause\" id=\"form-field-field_e4f5ce9-2\" name=\"form_fields[field_e4f5ce9][]\"> <label for=\"form-field-field_e4f5ce9-2\">En-cas pour la pause<\/label><\/span><span class=\"elementor-field-option\"><input type=\"checkbox\" value=\"Ap\u00e9ritif\" id=\"form-field-field_e4f5ce9-3\" name=\"form_fields[field_e4f5ce9][]\"> <label for=\"form-field-field_e4f5ce9-3\">Ap\u00e9ritif<\/label><\/span><span class=\"elementor-field-option\"><input type=\"checkbox\" value=\"D\u00e9jeuner\" id=\"form-field-field_e4f5ce9-4\" name=\"form_fields[field_e4f5ce9][]\"> <label for=\"form-field-field_e4f5ce9-4\">D\u00e9jeuner<\/label><\/span><span class=\"elementor-field-option\"><input type=\"checkbox\" value=\"D\u00eener\" id=\"form-field-field_e4f5ce9-5\" name=\"form_fields[field_e4f5ce9][]\"> <label for=\"form-field-field_e4f5ce9-5\">D\u00eener<\/label><\/span><span class=\"elementor-field-option\"><input type=\"checkbox\" value=\"Encore \u00e0 d\u00e9finir\" id=\"form-field-field_e4f5ce9-6\" name=\"form_fields[field_e4f5ce9][]\"> <label for=\"form-field-field_e4f5ce9-6\">Encore \u00e0 d\u00e9finir<\/label><\/span><\/div>\t\t\t\t<\/div>\n\t\t\t\t\t\t\t\t<div class=\"elementor-field-type-checkbox elementor-field-group elementor-column elementor-field-group-field_eb03604 elementor-col-100\">\n\t\t\t\t\t\t\t\t\t\t\t\t<label for=\"form-field-field_eb03604\" class=\"elementor-field-label\">\n\t\t\t\t\t\t\t\tVisite individuelle du Papiliorama \t\t\t\t\t\t\t<\/label>\n\t\t\t\t\t\t<div class=\"elementor-field-subgroup  \"><span class=\"elementor-field-option\"><input type=\"checkbox\" value=\"Oui\" id=\"form-field-field_eb03604-0\" name=\"form_fields[field_eb03604][]\"> <label for=\"form-field-field_eb03604-0\">Oui<\/label><\/span><span class=\"elementor-field-option\"><input type=\"checkbox\" value=\"Non\" id=\"form-field-field_eb03604-1\" name=\"form_fields[field_eb03604][]\"> <label for=\"form-field-field_eb03604-1\">Non<\/label><\/span><span class=\"elementor-field-option\"><input type=\"checkbox\" value=\"Encore \u00e0 d\u00e9finir\" id=\"form-field-field_eb03604-2\" name=\"form_fields[field_eb03604][]\"> <label for=\"form-field-field_eb03604-2\">Encore \u00e0 d\u00e9finir<\/label><\/span><\/div>\t\t\t\t<\/div>\n\t\t\t\t\t\t\t\t<div class=\"elementor-field-type-checkbox elementor-field-group elementor-column elementor-field-group-field_c0e10ba elementor-col-100\">\n\t\t\t\t\t\t\t\t\t\t\t\t<label for=\"form-field-field_c0e10ba\" class=\"elementor-field-label\">\n\t\t\t\t\t\t\t\tVisite guid\u00e9e souhait\u00e9e de 2 expositions (130 CHF par visite guid\u00e9e + 20 personnes max. par groupe) :\t\t\t\t\t\t\t<\/label>\n\t\t\t\t\t\t<div class=\"elementor-field-subgroup  \"><span class=\"elementor-field-option\"><input type=\"checkbox\" value=\"Papiliorama\" id=\"form-field-field_c0e10ba-0\" name=\"form_fields[field_c0e10ba][]\"> <label for=\"form-field-field_c0e10ba-0\">Papiliorama<\/label><\/span><span class=\"elementor-field-option\"><input type=\"checkbox\" value=\"Jungle Trek\" id=\"form-field-field_c0e10ba-1\" name=\"form_fields[field_c0e10ba][]\"> <label for=\"form-field-field_c0e10ba-1\">Jungle Trek<\/label><\/span><span class=\"elementor-field-option\"><input type=\"checkbox\" value=\"Nocturama\" id=\"form-field-field_c0e10ba-2\" name=\"form_fields[field_c0e10ba][]\"> <label for=\"form-field-field_c0e10ba-2\">Nocturama<\/label><\/span><span class=\"elementor-field-option\"><input type=\"checkbox\" value=\"Encore \u00e0 d\u00e9finir\" id=\"form-field-field_c0e10ba-3\" name=\"form_fields[field_c0e10ba][]\"> <label for=\"form-field-field_c0e10ba-3\">Encore \u00e0 d\u00e9finir<\/label><\/span><\/div>\t\t\t\t<\/div>\n\t\t\t\t\t\t\t\t<div class=\"elementor-field-type-textarea elementor-field-group elementor-column elementor-field-group-field_08234b8 elementor-col-100\">\n\t\t\t\t\t\t\t\t\t\t\t\t<label for=\"form-field-field_08234b8\" class=\"elementor-field-label\">\n\t\t\t\t\t\t\t\tRemarques sur la demande de r\u00e9servation\t\t\t\t\t\t\t<\/label>\n\t\t\t\t\t\t<textarea class=\"elementor-field-textual elementor-field  elementor-size-md\" name=\"form_fields[field_08234b8]\" id=\"form-field-field_08234b8\" rows=\"4\"><\/textarea>\t\t\t\t<\/div>\n\t\t\t\t\t\t\t\t<div class=\"elementor-field-type-acceptance elementor-field-group elementor-column elementor-field-group-field_e9c15b7 elementor-col-100 elementor-field-required elementor-mark-required\">\n\t\t\t\t\t\t\t\t\t\t\t\t<label for=\"form-field-field_e9c15b7\" class=\"elementor-field-label\">\n\t\t\t\t\t\t\t\tInformations sur la protection des donn\u00e9es\t\t\t\t\t\t\t<\/label>\n\t\t\t\t\t\t\t\t<div class=\"elementor-field-subgroup\">\n\t\t\t<span class=\"elementor-field-option\">\n\t\t\t\t<input type=\"checkbox\" name=\"form_fields[field_e9c15b7]\" id=\"form-field-field_e9c15b7\" class=\"elementor-field elementor-size-md  elementor-acceptance-field\" required=\"required\">\n\t\t\t\t<label for=\"form-field-field_e9c15b7\">Je confirme par la pr\u00e9sente avoir lu et accept\u00e9 les <a href=\u00ab https:\/\/www.papiliorama.ch\/fr\/declaration-de-protection-des-donnees\/ \u00bb target=\u00ab _blank \u00bb>informations relatives \u00e0 la protection des donn\u00e9es<\/a>.<\/label>\t\t\t<\/span>\n\t\t<\/div>\n\t\t\t\t\t\t<\/div>\n\t\t\t\t\t\t\t\t<div class=\"elementor-field-group elementor-column elementor-field-type-submit elementor-col-50 e-form__buttons\">\n\t\t\t\t\t<button class=\"elementor-button elementor-size-sm\" type=\"submit\">\n\t\t\t\t\t\t<span class=\"elementor-button-content-wrapper\">\n\t\t\t\t\t\t\t\t\t\t\t\t\t\t\t\t\t\t\t\t\t\t<span class=\"elementor-button-text\">Faire une demande de r\u00e9servation<\/span>\n\t\t\t\t\t\t\t\t\t\t\t\t\t<\/span>\n\t\t\t\t\t<\/button>\n\t\t\t\t<\/div>\n\t\t\t<\/div>\n\t\t<\/form>\n\t\t\t\t\t\t<\/div>\n\t\t\t\t<\/div>\n\t\t\t\t<div class=\"elementor-element elementor-element-8ca5bc3 elementor-widget elementor-widget-spacer\" data-id=\"8ca5bc3\" data-element_type=\"widget\" data-e-type=\"widget\" data-widget_type=\"spacer.default\">\n\t\t\t\t<div class=\"elementor-widget-container\">\n\t\t\t\t\t\t\t<div class=\"elementor-spacer\">\n\t\t\t<div class=\"elementor-spacer-inner\"><\/div>\n\t\t<\/div>\n\t\t\t\t\t\t<\/div>\n\t\t\t\t<\/div>\n\t\t\t\t\t<\/div>\n\t\t<\/div>\n\t\t\t\t\t<\/div>\n\t\t<\/section>\n\t\t\t\t<section class=\"elementor-section elementor-top-section elementor-element elementor-element-4457024 elementor-section-boxed elementor-section-height-default elementor-section-height-default\" data-id=\"4457024\" data-element_type=\"section\" data-e-type=\"section\">\n\t\t\t\t\t\t<div class=\"elementor-container elementor-column-gap-default\">\n\t\t\t\t\t<div class=\"elementor-column elementor-col-100 elementor-top-column elementor-element elementor-element-aa787da\" data-id=\"aa787da\" data-element_type=\"column\" data-e-type=\"column\">\n\t\t\t<div class=\"elementor-widget-wrap elementor-element-populated\">\n\t\t\t\t\t\t<div class=\"elementor-element elementor-element-9392c8f elementor-view-default elementor-widget elementor-widget-icon\" data-id=\"9392c8f\" data-element_type=\"widget\" data-e-type=\"widget\" data-widget_type=\"icon.default\">\n\t\t\t\t<div class=\"elementor-widget-container\">\n\t\t\t\t\t\t\t<div class=\"elementor-icon-wrapper\">\n\t\t\t<a class=\"elementor-icon\" href=\"https:\/\/www.papiliorama.ch\/events-2\/\" target=\"_blank\">\n\t\t\t<i aria-hidden=\"true\" class=\"fas fa-arrow-circle-left\"><\/i>\t\t\t<\/a>\n\t\t<\/div>\n\t\t\t\t\t\t<\/div>\n\t\t\t\t<\/div>\n\t\t\t\t\t<\/div>\n\t\t<\/div>\n\t\t\t\t\t<\/div>\n\t\t<\/section>\n\t\t\t\t<section class=\"elementor-section elementor-top-section elementor-element elementor-element-8f7cd7f elementor-section-boxed elementor-section-height-default elementor-section-height-default\" data-id=\"8f7cd7f\" data-element_type=\"section\" data-e-type=\"section\">\n\t\t\t\t\t\t<div class=\"elementor-container elementor-column-gap-default\">\n\t\t\t\t\t<div class=\"elementor-column elementor-col-100 elementor-top-column elementor-element elementor-element-1bf48a6\" data-id=\"1bf48a6\" data-element_type=\"column\" data-e-type=\"column\">\n\t\t\t<div class=\"elementor-widget-wrap elementor-element-populated\">\n\t\t\t\t\t\t<div class=\"elementor-element elementor-element-e04080c elementor-widget elementor-widget-spacer\" data-id=\"e04080c\" data-element_type=\"widget\" data-e-type=\"widget\" data-widget_type=\"spacer.default\">\n\t\t\t\t<div class=\"elementor-widget-container\">\n\t\t\t\t\t\t\t<div class=\"elementor-spacer\">\n\t\t\t<div class=\"elementor-spacer-inner\"><\/div>\n\t\t<\/div>\n\t\t\t\t\t\t<\/div>\n\t\t\t\t<\/div>\n\t\t\t\t\t<\/div>\n\t\t<\/div>\n\t\t\t\t\t<\/div>\n\t\t<\/section>\n\t\t\t\t<\/div>\n\t\t","protected":false},"excerpt":{"rendered":"<p>Demande de r\u00e9servation Comment souhaitez-vous organiser votre \u00e9v\u00e9nement ? Cette demande est sans engagement et ne constitue pas une r\u00e9servation.<\/p>\n","protected":false},"author":1,"featured_media":0,"parent":0,"menu_order":0,"comment_status":"closed","ping_status":"closed","template":"","meta":{"footnotes":""},"class_list":["post-29803","page","type-page","status-publish","hentry"],"featured_image_urls_v2":{"full":"","thumbnail":"","medium":"","medium_large":"","large":"","1536x1536":"","2048x2048":"","woocommerce_thumbnail":"","woocommerce_single":"","woocommerce_gallery_thumbnail":""},"post_excerpt_stackable_v2":"<p>Demande de r\u00e9servation Comment souhaitez-vous organiser votre \u00e9v\u00e9nement ? Cette demande est sans engagement et ne constitue pas une r\u00e9servation. Nom de l&rsquo;institution\/entreprise Pr\u00e9nom et nom de la personne de contact Adresse e-mail Num\u00e9ro de t\u00e9l\u00e9phone portable Adresse\/code postal\/localit\u00e9 Type d\u2019\u00e9v\u00e9nement Date de l\u2019\u00e9v\u00e9nement Heure: de Heure: jusqu\u2019\u00e0 Date de r\u00e9serve Nombre approximatif de personnes Salle souhait\u00e9e : S\u00e9minaire 2 (100 m2) S\u00e9minaire 3 (140 m2) S\u00e9minaire 2+3 (240 m2) Grande salle (390 m2) Encore \u00e0 d\u00e9finir Type de restauration souhait\u00e9 : Croissants Corbeille de fruits En-cas pour la pause Ap\u00e9ritif D\u00e9jeuner D\u00eener Encore \u00e0 d\u00e9finir Visite individuelle du Papiliorama\u2026<\/p>\n","category_list_v2":"","author_info_v2":{"name":"papAdmin","url":"https:\/\/www.papiliorama.ch\/fr\/author\/papadmin\/"},"comments_num_v2":"0 commentaire","_links":{"self":[{"href":"https:\/\/www.papiliorama.ch\/fr\/wp-json\/wp\/v2\/pages\/29803","targetHints":{"allow":["GET"]}}],"collection":[{"href":"https:\/\/www.papiliorama.ch\/fr\/wp-json\/wp\/v2\/pages"}],"about":[{"href":"https:\/\/www.papiliorama.ch\/fr\/wp-json\/wp\/v2\/types\/page"}],"author":[{"embeddable":true,"href":"https:\/\/www.papiliorama.ch\/fr\/wp-json\/wp\/v2\/users\/1"}],"replies":[{"embeddable":true,"href":"https:\/\/www.papiliorama.ch\/fr\/wp-json\/wp\/v2\/comments?post=29803"}],"version-history":[{"count":8,"href":"https:\/\/www.papiliorama.ch\/fr\/wp-json\/wp\/v2\/pages\/29803\/revisions"}],"predecessor-version":[{"id":32622,"href":"https:\/\/www.papiliorama.ch\/fr\/wp-json\/wp\/v2\/pages\/29803\/revisions\/32622"}],"wp:attachment":[{"href":"https:\/\/www.papiliorama.ch\/fr\/wp-json\/wp\/v2\/media?parent=29803"}],"curies":[{"name":"wp","href":"https:\/\/api.w.org\/{rel}","templated":true}]}}