{"id":27372,"date":"2024-09-02T20:38:09","date_gmt":"2024-09-02T19:38:09","guid":{"rendered":"https:\/\/www.papiliorama.ch\/?page_id=27372"},"modified":"2024-12-23T01:05:37","modified_gmt":"2024-12-23T00:05:37","slug":"deuil","status":"publish","type":"page","link":"https:\/\/www.papiliorama.ch\/fr\/deuil\/","title":{"rendered":"Deuil"},"content":{"rendered":"\t\t<div data-elementor-type=\"wp-page\" data-elementor-id=\"27372\" class=\"elementor elementor-27372 elementor-27370\" data-elementor-post-type=\"page\">\n\t\t\t\t\t\t<section class=\"elementor-section elementor-top-section elementor-element elementor-element-f50bb47 elementor-section-full_width elementor-section-height-min-height elementor-section-height-default elementor-section-items-middle\" data-id=\"f50bb47\" data-element_type=\"section\" data-e-type=\"section\" data-settings=\"{&quot;background_background&quot;:&quot;classic&quot;}\">\n\t\t\t\t\t\t<div class=\"elementor-container elementor-column-gap-default\">\n\t\t\t\t\t<div class=\"elementor-column elementor-col-100 elementor-top-column elementor-element elementor-element-2049cd9\" data-id=\"2049cd9\" data-element_type=\"column\" data-e-type=\"column\">\n\t\t\t<div class=\"elementor-widget-wrap elementor-element-populated\">\n\t\t\t\t\t\t<div class=\"elementor-element elementor-element-d667c80 elementor-widget elementor-widget-heading\" data-id=\"d667c80\" data-element_type=\"widget\" data-e-type=\"widget\" data-widget_type=\"heading.default\">\n\t\t\t\t<div class=\"elementor-widget-container\">\n\t\t\t\t\t<h2 class=\"elementor-heading-title elementor-size-default\"><span style=\"color: var( --e-global-color-4eb5264 );font-family: var( --e-global-typography-4717e99-font-family ), Sans-serif;font-size: var( --e-global-typography-4717e99-font-size );font-style: var( --e-global-typography-4717e99-font-style );font-weight: var( --e-global-typography-4717e99-font-weight );letter-spacing: var( --e-global-typography-4717e99-letter-spacing );text-transform: var( --e-global-typography-4717e99-text-transform )\">Deuil<\/span><span style=\"color: var( --e-global-color-4eb5264 );font-family: var( --e-global-typography-4717e99-font-family ), Sans-serif;font-size: var( --e-global-typography-4717e99-font-size );font-style: var( --e-global-typography-4717e99-font-style );font-weight: var( --e-global-typography-4717e99-font-weight );letter-spacing: var( --e-global-typography-4717e99-letter-spacing );text-transform: var( --e-global-typography-4717e99-text-transform )\"><\/span><br><\/h2>\t\t\t\t<\/div>\n\t\t\t\t<\/div>\n\t\t\t\t\t<\/div>\n\t\t<\/div>\n\t\t\t\t\t<\/div>\n\t\t<\/section>\n\t\t\t\t<section class=\"elementor-section elementor-top-section elementor-element elementor-element-7508484 elementor-section-boxed elementor-section-height-default elementor-section-height-default\" data-id=\"7508484\" data-element_type=\"section\" data-e-type=\"section\">\n\t\t\t\t\t\t<div class=\"elementor-container elementor-column-gap-default\">\n\t\t\t\t\t<div class=\"elementor-column elementor-col-100 elementor-top-column elementor-element elementor-element-25ff966\" data-id=\"25ff966\" data-element_type=\"column\" data-e-type=\"column\">\n\t\t\t<div class=\"elementor-widget-wrap elementor-element-populated\">\n\t\t\t\t\t\t<div class=\"elementor-element elementor-element-ebf7b2d elementor-widget elementor-widget-spacer\" data-id=\"ebf7b2d\" data-element_type=\"widget\" data-e-type=\"widget\" data-widget_type=\"spacer.default\">\n\t\t\t\t<div class=\"elementor-widget-container\">\n\t\t\t\t\t\t\t<div class=\"elementor-spacer\">\n\t\t\t<div class=\"elementor-spacer-inner\"><\/div>\n\t\t<\/div>\n\t\t\t\t\t\t<\/div>\n\t\t\t\t<\/div>\n\t\t\t\t\t<\/div>\n\t\t<\/div>\n\t\t\t\t\t<\/div>\n\t\t<\/section>\n\t\t\t\t<section class=\"elementor-section elementor-top-section elementor-element elementor-element-f593175 elementor-section-boxed elementor-section-height-default elementor-section-height-default\" data-id=\"f593175\" data-element_type=\"section\" data-e-type=\"section\">\n\t\t\t\t\t\t<div class=\"elementor-container elementor-column-gap-default\">\n\t\t\t\t\t<div class=\"elementor-column elementor-col-33 elementor-top-column elementor-element elementor-element-7a6b17c\" data-id=\"7a6b17c\" data-element_type=\"column\" data-e-type=\"column\">\n\t\t\t<div class=\"elementor-widget-wrap elementor-element-populated\">\n\t\t\t\t\t\t<div class=\"elementor-element elementor-element-1072888 elementor-widget elementor-widget-image\" data-id=\"1072888\" data-element_type=\"widget\" data-e-type=\"widget\" data-widget_type=\"image.default\">\n\t\t\t\t<div class=\"elementor-widget-container\">\n\t\t\t\t\t\t\t\t\t\t\t\t\t\t\t<img fetchpriority=\"high\" decoding=\"async\" width=\"800\" height=\"534\" src=\"https:\/\/www.papiliorama.ch\/wp-content\/uploads\/2023\/04\/Papiliorama_Greta_oto001.jpg\" class=\"attachment-large size-large wp-image-23369\" alt=\"\" srcset=\"https:\/\/www.papiliorama.ch\/wp-content\/uploads\/2023\/04\/Papiliorama_Greta_oto001.jpg 1024w, https:\/\/www.papiliorama.ch\/wp-content\/uploads\/2023\/04\/Papiliorama_Greta_oto001-600x400.jpg 600w, https:\/\/www.papiliorama.ch\/wp-content\/uploads\/2023\/04\/Papiliorama_Greta_oto001-300x200.jpg 300w, https:\/\/www.papiliorama.ch\/wp-content\/uploads\/2023\/04\/Papiliorama_Greta_oto001-768x512.jpg 768w\" sizes=\"(max-width: 800px) 100vw, 800px\" \/>\t\t\t\t\t\t\t\t\t\t\t\t\t\t\t<\/div>\n\t\t\t\t<\/div>\n\t\t\t\t\t<\/div>\n\t\t<\/div>\n\t\t\t\t<div class=\"elementor-column elementor-col-33 elementor-top-column elementor-element elementor-element-902dbf3\" data-id=\"902dbf3\" data-element_type=\"column\" data-e-type=\"column\">\n\t\t\t<div class=\"elementor-widget-wrap elementor-element-populated\">\n\t\t\t\t\t\t<div class=\"elementor-element elementor-element-edf8745 elementor-widget elementor-widget-image\" data-id=\"edf8745\" data-element_type=\"widget\" data-e-type=\"widget\" data-widget_type=\"image.default\">\n\t\t\t\t<div class=\"elementor-widget-container\">\n\t\t\t\t\t\t\t\t\t\t\t\t\t\t\t<img decoding=\"async\" width=\"800\" height=\"534\" src=\"https:\/\/www.papiliorama.ch\/wp-content\/uploads\/2024\/09\/Papiliorama_Trauerspenden.jpg\" class=\"attachment-large size-large wp-image-27379\" alt=\"\" srcset=\"https:\/\/www.papiliorama.ch\/wp-content\/uploads\/2024\/09\/Papiliorama_Trauerspenden.jpg 1024w, https:\/\/www.papiliorama.ch\/wp-content\/uploads\/2024\/09\/Papiliorama_Trauerspenden-300x200.jpg 300w, https:\/\/www.papiliorama.ch\/wp-content\/uploads\/2024\/09\/Papiliorama_Trauerspenden-768x512.jpg 768w, https:\/\/www.papiliorama.ch\/wp-content\/uploads\/2024\/09\/Papiliorama_Trauerspenden-600x400.jpg 600w\" sizes=\"(max-width: 800px) 100vw, 800px\" \/>\t\t\t\t\t\t\t\t\t\t\t\t\t\t\t<\/div>\n\t\t\t\t<\/div>\n\t\t\t\t\t<\/div>\n\t\t<\/div>\n\t\t\t\t<div class=\"elementor-column elementor-col-33 elementor-top-column elementor-element elementor-element-a8efd6d\" data-id=\"a8efd6d\" data-element_type=\"column\" data-e-type=\"column\">\n\t\t\t<div class=\"elementor-widget-wrap elementor-element-populated\">\n\t\t\t\t\t\t<div class=\"elementor-element elementor-element-1989314 elementor-widget elementor-widget-image\" data-id=\"1989314\" data-element_type=\"widget\" data-e-type=\"widget\" data-widget_type=\"image.default\">\n\t\t\t\t<div class=\"elementor-widget-container\">\n\t\t\t\t\t\t\t\t\t\t\t\t\t\t\t<img decoding=\"async\" width=\"800\" height=\"534\" src=\"https:\/\/www.papiliorama.ch\/wp-content\/uploads\/2023\/12\/Papiliorama_Methona-confusa002.jpg\" class=\"attachment-large size-large wp-image-25433\" alt=\"\" srcset=\"https:\/\/www.papiliorama.ch\/wp-content\/uploads\/2023\/12\/Papiliorama_Methona-confusa002.jpg 1024w, https:\/\/www.papiliorama.ch\/wp-content\/uploads\/2023\/12\/Papiliorama_Methona-confusa002-300x200.jpg 300w, https:\/\/www.papiliorama.ch\/wp-content\/uploads\/2023\/12\/Papiliorama_Methona-confusa002-768x512.jpg 768w, https:\/\/www.papiliorama.ch\/wp-content\/uploads\/2023\/12\/Papiliorama_Methona-confusa002-600x400.jpg 600w\" sizes=\"(max-width: 800px) 100vw, 800px\" \/>\t\t\t\t\t\t\t\t\t\t\t\t\t\t\t<\/div>\n\t\t\t\t<\/div>\n\t\t\t\t\t<\/div>\n\t\t<\/div>\n\t\t\t\t\t<\/div>\n\t\t<\/section>\n\t\t\t\t<section class=\"elementor-section elementor-top-section elementor-element elementor-element-e1b2480 elementor-section-boxed elementor-section-height-default elementor-section-height-default\" data-id=\"e1b2480\" data-element_type=\"section\" data-e-type=\"section\">\n\t\t\t\t\t\t<div class=\"elementor-container elementor-column-gap-default\">\n\t\t\t\t\t<div class=\"elementor-column elementor-col-100 elementor-top-column elementor-element elementor-element-096ef58\" data-id=\"096ef58\" data-element_type=\"column\" data-e-type=\"column\">\n\t\t\t<div class=\"elementor-widget-wrap elementor-element-populated\">\n\t\t\t\t\t\t<div class=\"elementor-element elementor-element-c089d13 elementor-widget__width-initial elementor-widget elementor-widget-text-editor\" data-id=\"c089d13\" data-element_type=\"widget\" data-e-type=\"widget\" data-widget_type=\"text-editor.default\">\n\t\t\t\t<div class=\"elementor-widget-container\">\n\t\t\t\t\t\t\t\t\t<p><strong>\u00ab\u00a0Un don en lieu et place de fleurs\u00a0\u00bb &#8211; cela correspond au souhait de nombreuses personnes d\u00e9c\u00e9d\u00e9es ou endeuill\u00e9es. Souhaiteriez-vous vous aussi faire parvenir vos dons \u00e0 une institution d&rsquo;utilit\u00e9 publique ?<\/strong><\/p>\n<p>La Fondation Papiliorama a pour vocation de faire d\u00e9couvrir \u00e0 ses visiteurs la diversit\u00e9 de la faune et de la flore tropicales et indig\u00e8nes, tout en s\u2019engageant pour leur protection. Son public cible est la g\u00e9n\u00e9ration montante, qui sera bient\u00f4t la gardienne de la biodiversit\u00e9 du monde.<\/p>\n<p>Si vous souhaitez nous soutenir dans cette d\u00e9marche, vous pouvez proc\u00e9der comme suit :<\/p>\n<ul>\n<li>Communiquez-nous le nom de la personne d\u00e9c\u00e9d\u00e9e et l&rsquo;adresse de la famille en deuil<br \/>\npar e-mail \u00e0 : <a href=\"mailto:contact@papiliorama.ch\">contact@papiliorama.ch<\/a><\/li>\n<\/ul>\n<ul>\n<li>Dans l\u2019avis de d\u00e9c\u00e8s, indiquez que vous souhaiteriez privil\u00e9gier les dons \u00e0 la<br \/>\nFondation Papiliorama selon l\u2019exemple ci-dessous :<br \/>\n<em><br \/>\n\u00abEn lieu et place de fleurs et de couronnes, vous pouvez adresser un don \u00e0 la Fondation Papiliorama, Chi\u00e8tres.<br \/>\nIBAN : <\/em><em>CH60 0900 0000 2000 3275 7<\/em><em>. Mention: \u00abDon en m\u00e9moire de Pr\u00e9nom, Nom\u00bb.<\/em><\/li>\n<\/ul>\n<p><em><br \/>\n<\/em>Nous remercions personnellement chaque donateur. Parall\u00e8lement, la famille re\u00e7oit apr\u00e8s quelques semaines une liste de toutes les personnes qui ont fait un don en m\u00e9moire de la personne d\u00e9c\u00e9d\u00e9e (avec le montant total des dons, afin qu\u2019elle puisse les remercier \u00e9galement, si souhait\u00e9).<\/p>\n<p>La Fondation Papiliorama s\u2019engage \u00e0 utiliser les dons re\u00e7us strictement dans l\u2019esprit de la mission de la fondation.<\/p>\n<p>T\u00e9l\u00e9chargement\u00a0: <a href=\"https:\/\/www.papiliorama.ch\/wp-content\/uploads\/2024\/09\/Papiliorama_Heritage_legs_2024_1.pdf\" target=\"_blank\" rel=\"noopener\">Proc\u00e9dure pour les dons en cas de deuil PDF<\/a><\/p>\n<p>Vous avez \u00e9galement la possibilit\u00e9 de soutenir notre fondation-s\u0153ur ITCF, qui s&rsquo;engage concr\u00e8tement pour la protection de la for\u00eat tropicale dans notre r\u00e9serve naturelle au Belize. Vous trouverez <a href=\"https:\/\/www.itcf.ch\/fr\/engage\/\" target=\"_blank\" rel=\"noopener\">ici<\/a> de plus amples informations.<\/p>\n\t\t\t\t\t\t\t\t<\/div>\n\t\t\t\t<\/div>\n\t\t\t\t\t<\/div>\n\t\t<\/div>\n\t\t\t\t\t<\/div>\n\t\t<\/section>\n\t\t\t\t<section class=\"elementor-section elementor-top-section elementor-element elementor-element-2532b7f elementor-section-boxed elementor-section-height-default elementor-section-height-default\" data-id=\"2532b7f\" data-element_type=\"section\" data-e-type=\"section\">\n\t\t\t\t\t\t<div class=\"elementor-container elementor-column-gap-default\">\n\t\t\t\t\t<div class=\"elementor-column elementor-col-100 elementor-top-column elementor-element elementor-element-fbee9cf\" data-id=\"fbee9cf\" data-element_type=\"column\" data-e-type=\"column\">\n\t\t\t<div class=\"elementor-widget-wrap elementor-element-populated\">\n\t\t\t\t\t\t<div class=\"elementor-element elementor-element-90b8cb4 elementor-widget elementor-widget-spacer\" data-id=\"90b8cb4\" data-element_type=\"widget\" data-e-type=\"widget\" data-widget_type=\"spacer.default\">\n\t\t\t\t<div class=\"elementor-widget-container\">\n\t\t\t\t\t\t\t<div class=\"elementor-spacer\">\n\t\t\t<div class=\"elementor-spacer-inner\"><\/div>\n\t\t<\/div>\n\t\t\t\t\t\t<\/div>\n\t\t\t\t<\/div>\n\t\t\t\t\t<\/div>\n\t\t<\/div>\n\t\t\t\t\t<\/div>\n\t\t<\/section>\n\t\t\t\t<\/div>\n\t\t","protected":false},"excerpt":{"rendered":"<p>Deuil \u00ab\u00a0Un don en lieu et place de fleurs\u00a0\u00bb &#8211; cela correspond au souhait de nombreuses personnes d\u00e9c\u00e9d\u00e9es ou endeuill\u00e9es. Souhaiteriez-vous vous aussi faire parvenir vos dons \u00e0 une institution d&rsquo;utilit\u00e9 publique ? La Fondation Papiliorama a pour vocation de faire d\u00e9couvrir \u00e0 ses visiteurs la diversit\u00e9 de la faune et de la flore tropicales [&hellip;]<\/p>\n","protected":false},"author":1,"featured_media":0,"parent":0,"menu_order":0,"comment_status":"closed","ping_status":"closed","template":"","meta":{"footnotes":""},"class_list":["post-27372","page","type-page","status-publish","hentry"],"featured_image_urls_v2":{"full":"","thumbnail":"","medium":"","medium_large":"","large":"","1536x1536":"","2048x2048":"","woocommerce_thumbnail":"","woocommerce_single":"","woocommerce_gallery_thumbnail":""},"post_excerpt_stackable_v2":"<p>Deuil \u00ab\u00a0Un don en lieu et place de fleurs\u00a0\u00bb &#8211; cela correspond au souhait de nombreuses personnes d\u00e9c\u00e9d\u00e9es ou endeuill\u00e9es. Souhaiteriez-vous vous aussi faire parvenir vos dons \u00e0 une institution d&rsquo;utilit\u00e9 publique ? La Fondation Papiliorama a pour vocation de faire d\u00e9couvrir \u00e0 ses visiteurs la diversit\u00e9 de la faune et de la flore tropicales et indig\u00e8nes, tout en s\u2019engageant pour leur protection. Son public cible est la g\u00e9n\u00e9ration montante, qui sera bient\u00f4t la gardienne de la biodiversit\u00e9 du monde. Si vous souhaitez nous soutenir dans cette d\u00e9marche, vous pouvez proc\u00e9der comme suit : Communiquez-nous le nom de la personne\u2026<\/p>\n","category_list_v2":"","author_info_v2":{"name":"papAdmin","url":"https:\/\/www.papiliorama.ch\/fr\/author\/papadmin\/"},"comments_num_v2":"0 commentaire","_links":{"self":[{"href":"https:\/\/www.papiliorama.ch\/fr\/wp-json\/wp\/v2\/pages\/27372","targetHints":{"allow":["GET"]}}],"collection":[{"href":"https:\/\/www.papiliorama.ch\/fr\/wp-json\/wp\/v2\/pages"}],"about":[{"href":"https:\/\/www.papiliorama.ch\/fr\/wp-json\/wp\/v2\/types\/page"}],"author":[{"embeddable":true,"href":"https:\/\/www.papiliorama.ch\/fr\/wp-json\/wp\/v2\/users\/1"}],"replies":[{"embeddable":true,"href":"https:\/\/www.papiliorama.ch\/fr\/wp-json\/wp\/v2\/comments?post=27372"}],"version-history":[{"count":23,"href":"https:\/\/www.papiliorama.ch\/fr\/wp-json\/wp\/v2\/pages\/27372\/revisions"}],"predecessor-version":[{"id":29036,"href":"https:\/\/www.papiliorama.ch\/fr\/wp-json\/wp\/v2\/pages\/27372\/revisions\/29036"}],"wp:attachment":[{"href":"https:\/\/www.papiliorama.ch\/fr\/wp-json\/wp\/v2\/media?parent=27372"}],"curies":[{"name":"wp","href":"https:\/\/api.w.org\/{rel}","templated":true}]}}