{"id":27345,"date":"2024-09-02T20:44:17","date_gmt":"2024-09-02T19:44:17","guid":{"rendered":"https:\/\/www.papiliorama.ch\/?page_id=27345"},"modified":"2024-09-02T21:50:45","modified_gmt":"2024-09-02T20:50:45","slug":"heritage-legs","status":"publish","type":"page","link":"https:\/\/www.papiliorama.ch\/fr\/heritage-legs\/","title":{"rendered":"H\u00e9ritages \/ legs"},"content":{"rendered":"\t\t<div data-elementor-type=\"wp-page\" data-elementor-id=\"27345\" class=\"elementor elementor-27345 elementor-27343\" data-elementor-post-type=\"page\">\n\t\t\t\t\t\t<section class=\"elementor-section elementor-top-section elementor-element elementor-element-f50bb47 elementor-section-full_width elementor-section-height-min-height elementor-section-height-default elementor-section-items-middle\" data-id=\"f50bb47\" data-element_type=\"section\" data-e-type=\"section\" data-settings=\"{&quot;background_background&quot;:&quot;classic&quot;}\">\n\t\t\t\t\t\t<div class=\"elementor-container elementor-column-gap-default\">\n\t\t\t\t\t<div class=\"elementor-column elementor-col-100 elementor-top-column elementor-element elementor-element-2049cd9\" data-id=\"2049cd9\" data-element_type=\"column\" data-e-type=\"column\">\n\t\t\t<div class=\"elementor-widget-wrap elementor-element-populated\">\n\t\t\t\t\t\t<div class=\"elementor-element elementor-element-d667c80 elementor-widget elementor-widget-heading\" data-id=\"d667c80\" data-element_type=\"widget\" data-e-type=\"widget\" data-widget_type=\"heading.default\">\n\t\t\t\t<div class=\"elementor-widget-container\">\n\t\t\t\t\t<h2 class=\"elementor-heading-title elementor-size-default\"><span style=\"color: var( --e-global-color-4eb5264 );font-size: var( --e-global-typography-4717e99-font-size );font-style: valobal-typography-4717e99-font-style );font-weight: var( --e-global-typography-4717e99-font-weight );letter-spacing: var( --e-global-typography-4717e99-letter-spacing );text-transform: var( --e-global-typography-4717e99-text-transform )\">H\u00e9ritages \/ legs<\/span><span style=\"color: var( --e-global-color-4eb5264 );font-family: var( --e-global-typography-4717e99-font-family ), Sans-serif;font-size: var( --e-global-typography-4717e99-font-size );font-style: var( --e-global-typography-4717e99-font-style );font-weight: var( --e-global-typography-4717e99-font-weight );letter-spacing: var( --e-global-typography-4717e99-letter-spacing );text-transform: var( --e-global-typography-4717e99-text-transform )\"><\/span><br><\/h2>\t\t\t\t<\/div>\n\t\t\t\t<\/div>\n\t\t\t\t\t<\/div>\n\t\t<\/div>\n\t\t\t\t\t<\/div>\n\t\t<\/section>\n\t\t\t\t<section class=\"elementor-section elementor-top-section elementor-element elementor-element-bdfec9e elementor-section-boxed elementor-section-height-default elementor-section-height-default\" data-id=\"bdfec9e\" data-element_type=\"section\" data-e-type=\"section\">\n\t\t\t\t\t\t<div class=\"elementor-container elementor-column-gap-default\">\n\t\t\t\t\t<div class=\"elementor-column elementor-col-100 elementor-top-column elementor-element elementor-element-336636f\" data-id=\"336636f\" data-element_type=\"column\" data-e-type=\"column\">\n\t\t\t<div class=\"elementor-widget-wrap elementor-element-populated\">\n\t\t\t\t\t\t<div class=\"elementor-element elementor-element-0da5c9f elementor-widget elementor-widget-spacer\" data-id=\"0da5c9f\" data-element_type=\"widget\" data-e-type=\"widget\" data-widget_type=\"spacer.default\">\n\t\t\t\t<div class=\"elementor-widget-container\">\n\t\t\t\t\t\t\t<div class=\"elementor-spacer\">\n\t\t\t<div class=\"elementor-spacer-inner\"><\/div>\n\t\t<\/div>\n\t\t\t\t\t\t<\/div>\n\t\t\t\t<\/div>\n\t\t\t\t\t<\/div>\n\t\t<\/div>\n\t\t\t\t\t<\/div>\n\t\t<\/section>\n\t\t\t\t<section class=\"elementor-section elementor-top-section elementor-element elementor-element-5d45245 elementor-section-boxed elementor-section-height-default elementor-section-height-default\" data-id=\"5d45245\" data-element_type=\"section\" data-e-type=\"section\">\n\t\t\t\t\t\t<div class=\"elementor-container elementor-column-gap-default\">\n\t\t\t\t\t<div class=\"elementor-column elementor-col-33 elementor-top-column elementor-element elementor-element-c5f5dd5\" data-id=\"c5f5dd5\" data-element_type=\"column\" data-e-type=\"column\">\n\t\t\t<div class=\"elementor-widget-wrap elementor-element-populated\">\n\t\t\t\t\t\t<div class=\"elementor-element elementor-element-79735d3 elementor-widget elementor-widget-image\" data-id=\"79735d3\" data-element_type=\"widget\" data-e-type=\"widget\" data-widget_type=\"image.default\">\n\t\t\t\t<div class=\"elementor-widget-container\">\n\t\t\t\t\t\t\t\t\t\t\t\t\t\t\t<img fetchpriority=\"high\" decoding=\"async\" width=\"800\" height=\"534\" src=\"https:\/\/www.papiliorama.ch\/wp-content\/uploads\/2022\/02\/Papiliorama_Heliconius-sapho001.jpg\" class=\"attachment-large size-large wp-image-17759\" alt=\"\" srcset=\"https:\/\/www.papiliorama.ch\/wp-content\/uploads\/2022\/02\/Papiliorama_Heliconius-sapho001.jpg 1024w, https:\/\/www.papiliorama.ch\/wp-content\/uploads\/2022\/02\/Papiliorama_Heliconius-sapho001-600x400.jpg 600w, https:\/\/www.papiliorama.ch\/wp-content\/uploads\/2022\/02\/Papiliorama_Heliconius-sapho001-300x200.jpg 300w, https:\/\/www.papiliorama.ch\/wp-content\/uploads\/2022\/02\/Papiliorama_Heliconius-sapho001-768x512.jpg 768w\" sizes=\"(max-width: 800px) 100vw, 800px\" \/>\t\t\t\t\t\t\t\t\t\t\t\t\t\t\t<\/div>\n\t\t\t\t<\/div>\n\t\t\t\t\t<\/div>\n\t\t<\/div>\n\t\t\t\t<div class=\"elementor-column elementor-col-33 elementor-top-column elementor-element elementor-element-ac417f8\" data-id=\"ac417f8\" data-element_type=\"column\" data-e-type=\"column\">\n\t\t\t<div class=\"elementor-widget-wrap elementor-element-populated\">\n\t\t\t\t\t\t<div class=\"elementor-element elementor-element-89e2ffb elementor-widget elementor-widget-image\" data-id=\"89e2ffb\" data-element_type=\"widget\" data-e-type=\"widget\" data-widget_type=\"image.default\">\n\t\t\t\t<div class=\"elementor-widget-container\">\n\t\t\t\t\t\t\t\t\t\t\t\t\t\t\t<img decoding=\"async\" width=\"800\" height=\"534\" src=\"https:\/\/www.papiliorama.ch\/wp-content\/uploads\/2022\/02\/Papiliorama_Heliconius-hecale-2.jpg\" class=\"attachment-large size-large wp-image-17750\" alt=\"\" srcset=\"https:\/\/www.papiliorama.ch\/wp-content\/uploads\/2022\/02\/Papiliorama_Heliconius-hecale-2.jpg 1024w, https:\/\/www.papiliorama.ch\/wp-content\/uploads\/2022\/02\/Papiliorama_Heliconius-hecale-2-600x400.jpg 600w, https:\/\/www.papiliorama.ch\/wp-content\/uploads\/2022\/02\/Papiliorama_Heliconius-hecale-2-300x200.jpg 300w, https:\/\/www.papiliorama.ch\/wp-content\/uploads\/2022\/02\/Papiliorama_Heliconius-hecale-2-768x512.jpg 768w\" sizes=\"(max-width: 800px) 100vw, 800px\" \/>\t\t\t\t\t\t\t\t\t\t\t\t\t\t\t<\/div>\n\t\t\t\t<\/div>\n\t\t\t\t\t<\/div>\n\t\t<\/div>\n\t\t\t\t<div class=\"elementor-column elementor-col-33 elementor-top-column elementor-element elementor-element-9072f08\" data-id=\"9072f08\" data-element_type=\"column\" data-e-type=\"column\">\n\t\t\t<div class=\"elementor-widget-wrap elementor-element-populated\">\n\t\t\t\t\t\t<div class=\"elementor-element elementor-element-b298aa3 elementor-widget elementor-widget-image\" data-id=\"b298aa3\" data-element_type=\"widget\" data-e-type=\"widget\" data-widget_type=\"image.default\">\n\t\t\t\t<div class=\"elementor-widget-container\">\n\t\t\t\t\t\t\t\t\t\t\t\t\t\t\t<img decoding=\"async\" width=\"800\" height=\"534\" src=\"https:\/\/www.papiliorama.ch\/wp-content\/uploads\/2022\/02\/Papiliorama_Heliconius-erato-1.jpg\" class=\"attachment-large size-large wp-image-17713\" alt=\"\" srcset=\"https:\/\/www.papiliorama.ch\/wp-content\/uploads\/2022\/02\/Papiliorama_Heliconius-erato-1.jpg 1024w, https:\/\/www.papiliorama.ch\/wp-content\/uploads\/2022\/02\/Papiliorama_Heliconius-erato-1-600x400.jpg 600w, https:\/\/www.papiliorama.ch\/wp-content\/uploads\/2022\/02\/Papiliorama_Heliconius-erato-1-300x200.jpg 300w, https:\/\/www.papiliorama.ch\/wp-content\/uploads\/2022\/02\/Papiliorama_Heliconius-erato-1-768x512.jpg 768w\" sizes=\"(max-width: 800px) 100vw, 800px\" \/>\t\t\t\t\t\t\t\t\t\t\t\t\t\t\t<\/div>\n\t\t\t\t<\/div>\n\t\t\t\t\t<\/div>\n\t\t<\/div>\n\t\t\t\t\t<\/div>\n\t\t<\/section>\n\t\t\t\t<section class=\"elementor-section elementor-top-section elementor-element elementor-element-e1b2480 elementor-section-boxed elementor-section-height-default elementor-section-height-default\" data-id=\"e1b2480\" data-element_type=\"section\" data-e-type=\"section\">\n\t\t\t\t\t\t<div class=\"elementor-container elementor-column-gap-default\">\n\t\t\t\t\t<div class=\"elementor-column elementor-col-100 elementor-top-column elementor-element elementor-element-096ef58\" data-id=\"096ef58\" data-element_type=\"column\" data-e-type=\"column\">\n\t\t\t<div class=\"elementor-widget-wrap elementor-element-populated\">\n\t\t\t\t\t\t<div class=\"elementor-element elementor-element-c089d13 elementor-widget__width-initial elementor-widget elementor-widget-text-editor\" data-id=\"c089d13\" data-element_type=\"widget\" data-e-type=\"widget\" data-widget_type=\"text-editor.default\">\n\t\t\t\t<div class=\"elementor-widget-container\">\n\t\t\t\t\t\t\t\t\t<p><strong>Vous souhaitez p\u00e9renniser votre amour de la nature au-del\u00e0 de votre vie et motiver la prochaine g\u00e9n\u00e9ration \u00e0 la prot\u00e9ger ? <\/strong><\/p><p>De nombreuses personnes qui se sont passionn\u00e9es au cours de leur vie pour la biodiversit\u00e9, la protection et la beaut\u00e9 de la nature, souhaitent laisser une trace pour les g\u00e9n\u00e9rations futures. Dans votre testament, vous pouvez d\u00e9cider vous-m\u00eame de votre h\u00e9ritage et des valeurs qui vous tiennent \u00e0 c\u0153ur.<\/p><p>La Fondation Papiliorama s&rsquo;engage depuis plus de 30 ans \u00e0 faire d\u00e9couvrir \u00e0 notre jeunesse la richesse et la beaut\u00e9 de la nature indig\u00e8ne et tropicale, pour au final les sensibiliser \u00e0 la n\u00e9cessit\u00e9 de la protection. Si votre souhait est de nous soutenir dans cette mission importante au travers d\u2019un legs ou d\u2019un h\u00e9ritage, nous vous en serions tr\u00e8s reconnaissants.<\/p><p>Vous trouverez de plus amples informations sur ce sujet <a href=\"http:\/\/www.papiliorama.ch\/wp-content\/uploads\/2024\/09\/Papiliorama_Heritage_legs_2024.pdf\" target=\"_blank\" rel=\"noopener\">dans notre brochure<\/a>.<\/p><p>Vous avez \u00e9galement la possibilit\u00e9 de soutenir notre fondation-s\u0153ur ITCF, qui s&rsquo;engage tr\u00e8s concr\u00e8tement dans la protection de la for\u00eat tropicale, au Belize, en Am\u00e9rique centrale. Vous trouverez <a href=\"https:\/\/www.itcf.ch\/fr\/engage\/\" target=\"_blank\" rel=\"noopener\">ici<\/a> de plus amples informations.<\/p><p>Si vous avez des questions, n\u2019h\u00e9sitez pas \u00e0 nous contacter, c\u2019est avec plaisir que nous vous informerons\u00a0: \u00e0 <a href=\"mailto:contact@papiliorama.ch\">contact@papiliorama.ch<\/a>.<\/p><p>\u00a0<\/p><p>\u00a0<\/p>\t\t\t\t\t\t\t\t<\/div>\n\t\t\t\t<\/div>\n\t\t\t\t\t<\/div>\n\t\t<\/div>\n\t\t\t\t\t<\/div>\n\t\t<\/section>\n\t\t\t\t<section class=\"elementor-section elementor-top-section elementor-element elementor-element-2532b7f elementor-section-boxed elementor-section-height-default elementor-section-height-default\" data-id=\"2532b7f\" data-element_type=\"section\" data-e-type=\"section\">\n\t\t\t\t\t\t<div class=\"elementor-container elementor-column-gap-default\">\n\t\t\t\t\t<div class=\"elementor-column elementor-col-100 elementor-top-column elementor-element elementor-element-fbee9cf\" data-id=\"fbee9cf\" data-element_type=\"column\" data-e-type=\"column\">\n\t\t\t<div class=\"elementor-widget-wrap elementor-element-populated\">\n\t\t\t\t\t\t<div class=\"elementor-element elementor-element-90b8cb4 elementor-widget elementor-widget-spacer\" data-id=\"90b8cb4\" data-element_type=\"widget\" data-e-type=\"widget\" data-widget_type=\"spacer.default\">\n\t\t\t\t<div class=\"elementor-widget-container\">\n\t\t\t\t\t\t\t<div class=\"elementor-spacer\">\n\t\t\t<div class=\"elementor-spacer-inner\"><\/div>\n\t\t<\/div>\n\t\t\t\t\t\t<\/div>\n\t\t\t\t<\/div>\n\t\t\t\t\t<\/div>\n\t\t<\/div>\n\t\t\t\t\t<\/div>\n\t\t<\/section>\n\t\t\t\t<\/div>\n\t\t","protected":false},"excerpt":{"rendered":"<p>H\u00e9ritages \/ legs Vous souhaitez p\u00e9renniser votre amour de la nature au-del\u00e0 de votre vie et motiver la prochaine g\u00e9n\u00e9ration \u00e0 la prot\u00e9ger ? De nombreuses personnes qui se sont passionn\u00e9es au cours de leur vie pour la biodiversit\u00e9, la protection et la beaut\u00e9 de la nature, souhaitent laisser une trace pour les g\u00e9n\u00e9rations futures. [&hellip;]<\/p>\n","protected":false},"author":1,"featured_media":0,"parent":0,"menu_order":0,"comment_status":"closed","ping_status":"closed","template":"","meta":{"footnotes":""},"class_list":["post-27345","page","type-page","status-publish","hentry"],"featured_image_urls_v2":{"full":"","thumbnail":"","medium":"","medium_large":"","large":"","1536x1536":"","2048x2048":"","woocommerce_thumbnail":"","woocommerce_single":"","woocommerce_gallery_thumbnail":""},"post_excerpt_stackable_v2":"<p>H\u00e9ritages \/ legs Vous souhaitez p\u00e9renniser votre amour de la nature au-del\u00e0 de votre vie et motiver la prochaine g\u00e9n\u00e9ration \u00e0 la prot\u00e9ger ? De nombreuses personnes qui se sont passionn\u00e9es au cours de leur vie pour la biodiversit\u00e9, la protection et la beaut\u00e9 de la nature, souhaitent laisser une trace pour les g\u00e9n\u00e9rations futures. Dans votre testament, vous pouvez d\u00e9cider vous-m\u00eame de votre h\u00e9ritage et des valeurs qui vous tiennent \u00e0 c\u0153ur.La Fondation Papiliorama s&rsquo;engage depuis plus de 30 ans \u00e0 faire d\u00e9couvrir \u00e0 notre jeunesse la richesse et la beaut\u00e9 de la nature indig\u00e8ne et tropicale, pour au\u2026<\/p>\n","category_list_v2":"","author_info_v2":{"name":"papAdmin","url":"https:\/\/www.papiliorama.ch\/fr\/author\/papadmin\/"},"comments_num_v2":"0 commentaire","_links":{"self":[{"href":"https:\/\/www.papiliorama.ch\/fr\/wp-json\/wp\/v2\/pages\/27345","targetHints":{"allow":["GET"]}}],"collection":[{"href":"https:\/\/www.papiliorama.ch\/fr\/wp-json\/wp\/v2\/pages"}],"about":[{"href":"https:\/\/www.papiliorama.ch\/fr\/wp-json\/wp\/v2\/types\/page"}],"author":[{"embeddable":true,"href":"https:\/\/www.papiliorama.ch\/fr\/wp-json\/wp\/v2\/users\/1"}],"replies":[{"embeddable":true,"href":"https:\/\/www.papiliorama.ch\/fr\/wp-json\/wp\/v2\/comments?post=27345"}],"version-history":[{"count":23,"href":"https:\/\/www.papiliorama.ch\/fr\/wp-json\/wp\/v2\/pages\/27345\/revisions"}],"predecessor-version":[{"id":27610,"href":"https:\/\/www.papiliorama.ch\/fr\/wp-json\/wp\/v2\/pages\/27345\/revisions\/27610"}],"wp:attachment":[{"href":"https:\/\/www.papiliorama.ch\/fr\/wp-json\/wp\/v2\/media?parent=27345"}],"curies":[{"name":"wp","href":"https:\/\/api.w.org\/{rel}","templated":true}]}}