{"id":1792,"date":"2020-12-18T11:17:53","date_gmt":"2020-12-18T09:17:53","guid":{"rendered":"http:\/\/2020.papiliorama.ch\/historique\/"},"modified":"2021-05-24T23:05:57","modified_gmt":"2021-05-24T22:05:57","slug":"historique","status":"publish","type":"page","link":"https:\/\/www.papiliorama.ch\/fr\/historique\/","title":{"rendered":"Historique"},"content":{"rendered":"\t\t<div data-elementor-type=\"wp-page\" data-elementor-id=\"1792\" class=\"elementor elementor-1792 elementor-1349\" data-elementor-post-type=\"page\">\n\t\t\t\t\t\t<section class=\"elementor-section elementor-top-section elementor-element elementor-element-a1fc0b0 elementor-section-full_width elementor-section-height-min-height elementor-section-height-default elementor-section-items-middle\" data-id=\"a1fc0b0\" data-element_type=\"section\" data-e-type=\"section\" data-settings=\"{&quot;background_background&quot;:&quot;classic&quot;}\">\n\t\t\t\t\t\t<div class=\"elementor-container elementor-column-gap-default\">\n\t\t\t\t\t<div class=\"elementor-column elementor-col-100 elementor-top-column elementor-element elementor-element-139f33a\" data-id=\"139f33a\" data-element_type=\"column\" data-e-type=\"column\">\n\t\t\t<div class=\"elementor-widget-wrap elementor-element-populated\">\n\t\t\t\t\t\t<div class=\"elementor-element elementor-element-2d33a77 elementor-widget elementor-widget-heading\" data-id=\"2d33a77\" data-element_type=\"widget\" data-e-type=\"widget\" data-widget_type=\"heading.default\">\n\t\t\t\t<div class=\"elementor-widget-container\">\n\t\t\t\t\t<h2 class=\"elementor-heading-title elementor-size-default\">Historique<\/h2>\t\t\t\t<\/div>\n\t\t\t\t<\/div>\n\t\t\t\t\t<\/div>\n\t\t<\/div>\n\t\t\t\t\t<\/div>\n\t\t<\/section>\n\t\t\t\t<section class=\"elementor-section elementor-top-section elementor-element elementor-element-0c1394a elementor-section-boxed elementor-section-height-default elementor-section-height-default\" data-id=\"0c1394a\" data-element_type=\"section\" data-e-type=\"section\">\n\t\t\t\t\t\t<div class=\"elementor-container elementor-column-gap-default\">\n\t\t\t\t\t<div class=\"elementor-column elementor-col-100 elementor-top-column elementor-element elementor-element-6588f10\" data-id=\"6588f10\" data-element_type=\"column\" data-e-type=\"column\">\n\t\t\t<div class=\"elementor-widget-wrap elementor-element-populated\">\n\t\t\t\t\t\t<div class=\"elementor-element elementor-element-a724be8 elementor-widget elementor-widget-heading\" data-id=\"a724be8\" data-element_type=\"widget\" data-e-type=\"widget\" data-widget_type=\"heading.default\">\n\t\t\t\t<div class=\"elementor-widget-container\">\n\t\t\t\t\t<h2 class=\"elementor-heading-title elementor-size-default\">Notre histoire<\/h2>\t\t\t\t<\/div>\n\t\t\t\t<\/div>\n\t\t\t\t<div class=\"elementor-element elementor-element-6ad032f elementor-widget elementor-widget-text-editor\" data-id=\"6ad032f\" data-element_type=\"widget\" data-e-type=\"widget\" data-widget_type=\"text-editor.default\">\n\t\t\t\t<div class=\"elementor-widget-container\">\n\t\t\t\t\t\t\t\t\t<p>Le Papiliorama est une Fondation d\u2019utilit\u00e9 publique, dont la vocation est de sensibiliser le public au sort des for\u00eats tropicales et de la biodiversit\u00e9 en g\u00e9n\u00e9ral, en plongeant le visiteur au c\u0153ur-m\u00eame de ses expositions vivantes. Une fondation s\u0153ur du Papiliorama (l\u2019<a href=\"https:\/\/www.itcf.ch\/fr\/\" target=\"_blank\" rel=\"noreferrer noopener\" aria-label=\"ITCF (opens in a new tab)\">ITCF<\/a>) prot\u00e8ge concr\u00e8tement plus de 11\u2019000 hectares (110 km<sup>2<\/sup>) de nature tropicale au Belize en Am\u00e9rique centrale.<\/p>\n<p>Le Papiliorama est n\u00e9 de l\u2019imagination de son fondateur, Maarten Bijleveld van Lexmond, un biologiste n\u00e9erlandais. Avec sa femme Catheline, il a fond\u00e9 le premier Papiliorama dans le canton de Neuch\u00e2tel en 1988. Le 1er janvier 1995, le Papiliorama a \u00e9t\u00e9 d\u00e9truit par un incendie majeur. Gr\u00e2ce \u00e0 une \u00e9norme vague de solidarit\u00e9 nationale, la maison tropicale a \u00e9t\u00e9 reconstruite la m\u00eame ann\u00e9e. Le Papiliorama n\u2019ayant gu\u00e8re pu se d\u00e9velopper en raison du manque d\u2019espace \u00e0 Marin, la maison tropicale a \u00e9t\u00e9 transf\u00e9r\u00e9e \u00e0 Kerzers, au c\u0153ur de la region des trois lacs, en 2003. Depuis lors, l\u2019institution est dirig\u00e9e par le directeur Caspar Bijleveld, le fils du couple fondateur.<\/p>\n<p><a href=\"http:\/\/papiliorama.ch\/fr\/nos-expositions-vivantes\/#papiliorama\">Le Papiliorama<\/a>\u00a0et\u00a0<a href=\"http:\/\/papiliorama.ch\/fr\/nos-expositions-vivantes\/#nocturama\">le Nocturama<\/a>\u00a0\u00e0 Kerzers ont \u00e9t\u00e9 ouverts au public en 2003. Viennent ensuite l\u2019ouverture du\u00a0<a href=\"http:\/\/papiliorama.ch\/fr\/nos-expositions-vivantes\/#zoe-zoo\">minizoo<\/a>, de\u00a0<a href=\"http:\/\/papiliorama.ch\/fr\/nos-expositions-vivantes\/#naturspielplatz\">la place de jeu<\/a>\u00a0et du jardin des papillons suisses (aujourd\u2019hui\u00a0<a href=\"http:\/\/papiliorama.ch\/fr\/nos-expositions-vivantes\/#chlitierlizaeut\">Chlitierliz\u00e4ut<\/a>) \u00e0 l\u2019ext\u00e9rieur. Le troisi\u00e8me d\u00f4me tropical,\u00a0<a href=\"http:\/\/papiliorama.ch\/fr\/nos-expositions-vivantes\/#jungle-trek\">le Jungle Trek<\/a>, a \u00e9t\u00e9 achev\u00e9 en 2008. L\u2019\u00e9tablissement s\u2019enrichit constamment de nouvelles expositions de plus petite envergure.<\/p>\n\t\t\t\t\t\t\t\t<\/div>\n\t\t\t\t<\/div>\n\t\t\t\t\t<\/div>\n\t\t<\/div>\n\t\t\t\t\t<\/div>\n\t\t<\/section>\n\t\t\t\t<section class=\"elementor-section elementor-top-section elementor-element elementor-element-272ba29 elementor-section-boxed elementor-section-height-default elementor-section-height-default\" data-id=\"272ba29\" data-element_type=\"section\" data-e-type=\"section\">\n\t\t\t\t\t\t<div class=\"elementor-container elementor-column-gap-default\">\n\t\t\t\t\t<div class=\"elementor-column elementor-col-100 elementor-top-column elementor-element elementor-element-f87ab6d\" data-id=\"f87ab6d\" data-element_type=\"column\" data-e-type=\"column\">\n\t\t\t<div class=\"elementor-widget-wrap elementor-element-populated\">\n\t\t\t\t\t\t<div class=\"elementor-element elementor-element-dd1cfeb elementor--h-position-center elementor--v-position-middle elementor-arrows-position-inside elementor-pagination-position-inside elementor-widget elementor-widget-slides\" data-id=\"dd1cfeb\" data-element_type=\"widget\" data-e-type=\"widget\" data-settings=\"{&quot;navigation&quot;:&quot;both&quot;,&quot;autoplay&quot;:&quot;yes&quot;,&quot;pause_on_hover&quot;:&quot;yes&quot;,&quot;pause_on_interaction&quot;:&quot;yes&quot;,&quot;autoplay_speed&quot;:5000,&quot;infinite&quot;:&quot;yes&quot;,&quot;transition&quot;:&quot;slide&quot;,&quot;transition_speed&quot;:500}\" data-widget_type=\"slides.default\">\n\t\t\t\t<div class=\"elementor-widget-container\">\n\t\t\t\t\t\t\t\t\t<div class=\"elementor-swiper\">\n\t\t\t\t\t<div class=\"elementor-slides-wrapper elementor-main-swiper swiper\" role=\"region\" aria-roledescription=\"carousel\" aria-label=\"Diapositives\" dir=\"ltr\" data-animation=\"fadeInUp\">\n\t\t\t\t<div class=\"swiper-wrapper elementor-slides\">\n\t\t\t\t\t\t\t\t\t\t<div class=\"elementor-repeater-item-038cbb7 swiper-slide\" role=\"group\" aria-roledescription=\"slide\"><div class=\"swiper-slide-bg\" role=\"img\" aria-label=\"Papiliorama-Marin-aussen\"><\/div><div class=\"swiper-slide-inner\" ><div class=\"swiper-slide-contents\"><\/div><\/div><\/div><div class=\"elementor-repeater-item-9dad1b8 swiper-slide\" role=\"group\" aria-roledescription=\"slide\"><div class=\"swiper-slide-bg\" role=\"img\" aria-label=\"Papiliorama_30-Jahre_002\"><\/div><div class=\"swiper-slide-inner\" ><div class=\"swiper-slide-contents\"><\/div><\/div><\/div><div class=\"elementor-repeater-item-bda0983 swiper-slide\" role=\"group\" aria-roledescription=\"slide\"><div class=\"swiper-slide-bg\" role=\"img\" aria-label=\"Die-Geschichte\"><\/div><div class=\"swiper-slide-inner\" ><div class=\"swiper-slide-contents\"><\/div><\/div><\/div><div class=\"elementor-repeater-item-3e09891 swiper-slide\" role=\"group\" aria-roledescription=\"slide\"><div class=\"swiper-slide-bg\" role=\"img\" aria-label=\"Papiliorama_30-Jahre_003\"><\/div><div class=\"swiper-slide-inner\" ><div class=\"swiper-slide-contents\"><\/div><\/div><\/div>\t\t\t\t<\/div>\n\t\t\t\t\t\t\t\t\t\t\t\t\t\t\t<div class=\"elementor-swiper-button elementor-swiper-button-prev\" role=\"button\" tabindex=\"0\" aria-label=\"Diapositive pr\u00e9c\u00e9dente\">\n\t\t\t\t\t\t\t<i aria-hidden=\"true\" class=\"eicon-chevron-left\"><\/i>\t\t\t\t\t\t<\/div>\n\t\t\t\t\t\t<div class=\"elementor-swiper-button elementor-swiper-button-next\" role=\"button\" tabindex=\"0\" aria-label=\"Diapositive suivante\">\n\t\t\t\t\t\t\t<i aria-hidden=\"true\" class=\"eicon-chevron-right\"><\/i>\t\t\t\t\t\t<\/div>\n\t\t\t\t\t\t\t\t\t\t\t\t\t\t\t\t<div class=\"swiper-pagination\"><\/div>\n\t\t\t\t\t\t\t\t\t\t\t\t<\/div>\n\t\t\t\t<\/div>\n\t\t\t\t\t\t\t\t<\/div>\n\t\t\t\t<\/div>\n\t\t\t\t\t<\/div>\n\t\t<\/div>\n\t\t\t\t\t<\/div>\n\t\t<\/section>\n\t\t\t\t<\/div>\n\t\t","protected":false},"excerpt":{"rendered":"<p>Historique Notre histoire Le Papiliorama est une Fondation d\u2019utilit\u00e9 publique, dont la vocation est de sensibiliser le public au sort des for\u00eats tropicales et de la biodiversit\u00e9 en g\u00e9n\u00e9ral, en plongeant le visiteur au c\u0153ur-m\u00eame de ses expositions vivantes. Une fondation s\u0153ur du Papiliorama (l\u2019ITCF) prot\u00e8ge concr\u00e8tement plus de 11\u2019000 hectares (110 km2) de nature [&hellip;]<\/p>\n","protected":false},"author":1,"featured_media":0,"parent":0,"menu_order":6,"comment_status":"closed","ping_status":"closed","template":"","meta":{"footnotes":""},"class_list":["post-1792","page","type-page","status-publish","hentry"],"featured_image_urls_v2":{"full":"","thumbnail":"","medium":"","medium_large":"","large":"","1536x1536":"","2048x2048":"","woocommerce_thumbnail":"","woocommerce_single":"","woocommerce_gallery_thumbnail":""},"post_excerpt_stackable_v2":"<p>Historique Notre histoire Le Papiliorama est une Fondation d\u2019utilit\u00e9 publique, dont la vocation est de sensibiliser le public au sort des for\u00eats tropicales et de la biodiversit\u00e9 en g\u00e9n\u00e9ral, en plongeant le visiteur au c\u0153ur-m\u00eame de ses expositions vivantes. Une fondation s\u0153ur du Papiliorama (l\u2019ITCF) prot\u00e8ge concr\u00e8tement plus de 11\u2019000 hectares (110 km2) de nature tropicale au Belize en Am\u00e9rique centrale. Le Papiliorama est n\u00e9 de l\u2019imagination de son fondateur, Maarten Bijleveld van Lexmond, un biologiste n\u00e9erlandais. Avec sa femme Catheline, il a fond\u00e9 le premier Papiliorama dans le canton de Neuch\u00e2tel en 1988. Le 1er janvier 1995, le Papiliorama\u2026<\/p>\n","category_list_v2":"","author_info_v2":{"name":"papAdmin","url":"https:\/\/www.papiliorama.ch\/fr\/author\/papadmin\/"},"comments_num_v2":"0 commentaire","_links":{"self":[{"href":"https:\/\/www.papiliorama.ch\/fr\/wp-json\/wp\/v2\/pages\/1792","targetHints":{"allow":["GET"]}}],"collection":[{"href":"https:\/\/www.papiliorama.ch\/fr\/wp-json\/wp\/v2\/pages"}],"about":[{"href":"https:\/\/www.papiliorama.ch\/fr\/wp-json\/wp\/v2\/types\/page"}],"author":[{"embeddable":true,"href":"https:\/\/www.papiliorama.ch\/fr\/wp-json\/wp\/v2\/users\/1"}],"replies":[{"embeddable":true,"href":"https:\/\/www.papiliorama.ch\/fr\/wp-json\/wp\/v2\/comments?post=1792"}],"version-history":[{"count":2,"href":"https:\/\/www.papiliorama.ch\/fr\/wp-json\/wp\/v2\/pages\/1792\/revisions"}],"predecessor-version":[{"id":15840,"href":"https:\/\/www.papiliorama.ch\/fr\/wp-json\/wp\/v2\/pages\/1792\/revisions\/15840"}],"wp:attachment":[{"href":"https:\/\/www.papiliorama.ch\/fr\/wp-json\/wp\/v2\/media?parent=1792"}],"curies":[{"name":"wp","href":"https:\/\/api.w.org\/{rel}","templated":true}]}}