{"id":1782,"date":"2020-12-16T12:24:06","date_gmt":"2020-12-16T10:24:06","guid":{"rendered":"http:\/\/2020.papiliorama.ch\/protection-de-la-nature\/"},"modified":"2024-12-16T07:39:39","modified_gmt":"2024-12-16T06:39:39","slug":"protection-de-la-nature","status":"publish","type":"page","link":"https:\/\/www.papiliorama.ch\/fr\/protection-de-la-nature\/","title":{"rendered":"Protection de la nature"},"content":{"rendered":"\t\t<div data-elementor-type=\"wp-page\" data-elementor-id=\"1782\" class=\"elementor elementor-1782 elementor-1502\" data-elementor-post-type=\"page\">\n\t\t\t\t\t\t<section class=\"elementor-section elementor-top-section elementor-element elementor-element-b22fb32 elementor-section-full_width elementor-section-height-min-height elementor-section-height-default elementor-section-items-middle\" data-id=\"b22fb32\" data-element_type=\"section\" data-e-type=\"section\" data-settings=\"{&quot;background_background&quot;:&quot;classic&quot;}\">\n\t\t\t\t\t\t<div class=\"elementor-container elementor-column-gap-default\">\n\t\t\t\t\t<div class=\"elementor-column elementor-col-100 elementor-top-column elementor-element elementor-element-32c3c32\" data-id=\"32c3c32\" data-element_type=\"column\" data-e-type=\"column\">\n\t\t\t<div class=\"elementor-widget-wrap elementor-element-populated\">\n\t\t\t\t\t\t<div class=\"elementor-element elementor-element-e7bd68c elementor-widget elementor-widget-heading\" data-id=\"e7bd68c\" data-element_type=\"widget\" data-e-type=\"widget\" data-widget_type=\"heading.default\">\n\t\t\t\t<div class=\"elementor-widget-container\">\n\t\t\t\t\t<h2 class=\"elementor-heading-title elementor-size-default\">Protection de la nature<\/h2>\t\t\t\t<\/div>\n\t\t\t\t<\/div>\n\t\t\t\t\t<\/div>\n\t\t<\/div>\n\t\t\t\t\t<\/div>\n\t\t<\/section>\n\t\t\t\t<section class=\"elementor-section elementor-top-section elementor-element elementor-element-6e2e573 elementor-section-boxed elementor-section-height-default elementor-section-height-default\" data-id=\"6e2e573\" data-element_type=\"section\" data-e-type=\"section\" id=\"papiliorama\">\n\t\t\t\t\t\t<div class=\"elementor-container elementor-column-gap-default\">\n\t\t\t\t\t<div class=\"elementor-column elementor-col-100 elementor-top-column elementor-element elementor-element-3ca43ce\" data-id=\"3ca43ce\" data-element_type=\"column\" data-e-type=\"column\">\n\t\t\t<div class=\"elementor-widget-wrap elementor-element-populated\">\n\t\t\t\t\t\t<div class=\"elementor-element elementor-element-26cfbce elementor-widget elementor-widget-heading\" data-id=\"26cfbce\" data-element_type=\"widget\" data-e-type=\"widget\" data-widget_type=\"heading.default\">\n\t\t\t\t<div class=\"elementor-widget-container\">\n\t\t\t\t\t<h2 class=\"elementor-heading-title elementor-size-default\">La protection de la nature en Suisse<\/h2>\t\t\t\t<\/div>\n\t\t\t\t<\/div>\n\t\t\t\t<div class=\"elementor-element elementor-element-a9cec56 elementor-widget elementor-widget-text-editor\" data-id=\"a9cec56\" data-element_type=\"widget\" data-e-type=\"widget\" data-widget_type=\"text-editor.default\">\n\t\t\t\t<div class=\"elementor-widget-container\">\n\t\t\t\t\t\t\t\t\t<div>La mission premi\u00e8re du Papiliorama est de mettre le visiteur en contact direct avec la diversit\u00e9 naturelle, afin qu\u2019il s\u2019\u00e9merveille quelques instants de sa beaut\u00e9 et puisse prendre conscience de sa fragilit\u00e9 partout sur terre. Si de grandes expositions sont plac\u00e9es sous le signe des tropiques, du ballet de papillons aux animaux de la nuit en passant par la jungle des toucans, la Fondation du Papiliorama fait \u00e9galement de nombreux efforts pour la nature de chez\u00a0nous.<\/div>\n\t\t\t\t\t\t\t\t<\/div>\n\t\t\t\t<\/div>\n\t\t\t\t\t<\/div>\n\t\t<\/div>\n\t\t\t\t\t<\/div>\n\t\t<\/section>\n\t\t\t\t<section class=\"elementor-section elementor-top-section elementor-element elementor-element-ccb3451 elementor-section-boxed elementor-section-height-default elementor-section-height-default\" data-id=\"ccb3451\" data-element_type=\"section\" data-e-type=\"section\">\n\t\t\t\t\t\t<div class=\"elementor-container elementor-column-gap-default\">\n\t\t\t\t\t<div class=\"elementor-column elementor-col-100 elementor-top-column elementor-element elementor-element-c7d0460\" data-id=\"c7d0460\" data-element_type=\"column\" data-e-type=\"column\">\n\t\t\t<div class=\"elementor-widget-wrap elementor-element-populated\">\n\t\t\t\t\t\t<div class=\"elementor-element elementor-element-25e4dc5 elementor-widget elementor-widget-heading\" data-id=\"25e4dc5\" data-element_type=\"widget\" data-e-type=\"widget\" data-widget_type=\"heading.default\">\n\t\t\t\t<div class=\"elementor-widget-container\">\n\t\t\t\t\t<h2 class=\"elementor-heading-title elementor-size-default\">Wild Seeland<\/h2>\t\t\t\t<\/div>\n\t\t\t\t<\/div>\n\t\t\t\t<div class=\"elementor-element elementor-element-594f2d7 elementor-widget elementor-widget-text-editor\" data-id=\"594f2d7\" data-element_type=\"widget\" data-e-type=\"widget\" data-widget_type=\"text-editor.default\">\n\t\t\t\t<div class=\"elementor-widget-container\">\n\t\t\t\t\t\t\t\t\t<div>Depuis son installation \u00e0 Kerzers, la Fondation a revitalis\u00e9 pr\u00e8s de la moiti\u00e9 des surfaces qu\u2019elle occupe. Elle a pu redonner vie \u00e0 un ruisseau enterr\u00e9 durant plus de 50 ans, recr\u00e9\u00e9 un \u00e9tang naturel, des zones bois\u00e9es des prairies \u00e0 fleur, et plus r\u00e9cemment une grande zone humide inondable, tout ceci qu\u2019avec des esp\u00e8ces indig\u00e8nes. Son parking \u00ab sauvage \u00bb, comprenant le strict minimum de surfaces asphalt\u00e9es, est plant\u00e9 de presque toutes les esp\u00e8ces d\u2019arbres du plateau suisse et entour\u00e9 de haies comprenant 18 essences buissonnantes. Plusieurs esp\u00e8ces d\u2019oiseaux rares y nichent d\u00e9sormais.<\/div>\n\t\t\t\t\t\t\t\t<\/div>\n\t\t\t\t<\/div>\n\t\t\t\t<div class=\"elementor-element elementor-element-4c4b94f elementor-widget elementor-widget-image\" data-id=\"4c4b94f\" data-element_type=\"widget\" data-e-type=\"widget\" data-widget_type=\"image.default\">\n\t\t\t\t<div class=\"elementor-widget-container\">\n\t\t\t\t\t\t\t\t\t\t\t\t\t\t\t<img fetchpriority=\"high\" decoding=\"async\" width=\"800\" height=\"532\" src=\"https:\/\/www.papiliorama.ch\/wp-content\/uploads\/2020\/12\/Papiliorama-Naturschutz_003-1024x681.jpg\" class=\"attachment-large size-large wp-image-1551\" alt=\"\" srcset=\"https:\/\/www.papiliorama.ch\/wp-content\/uploads\/2020\/12\/Papiliorama-Naturschutz_003-1024x681.jpg 1024w, https:\/\/www.papiliorama.ch\/wp-content\/uploads\/2020\/12\/Papiliorama-Naturschutz_003-600x399.jpg 600w, https:\/\/www.papiliorama.ch\/wp-content\/uploads\/2020\/12\/Papiliorama-Naturschutz_003-300x199.jpg 300w, https:\/\/www.papiliorama.ch\/wp-content\/uploads\/2020\/12\/Papiliorama-Naturschutz_003-768x511.jpg 768w, https:\/\/www.papiliorama.ch\/wp-content\/uploads\/2020\/12\/Papiliorama-Naturschutz_003-1536x1021.jpg 1536w, https:\/\/www.papiliorama.ch\/wp-content\/uploads\/2020\/12\/Papiliorama-Naturschutz_003.jpg 1540w\" sizes=\"(max-width: 800px) 100vw, 800px\" \/>\t\t\t\t\t\t\t\t\t\t\t\t\t\t\t<\/div>\n\t\t\t\t<\/div>\n\t\t\t\t\t<\/div>\n\t\t<\/div>\n\t\t\t\t\t<\/div>\n\t\t<\/section>\n\t\t\t\t<section class=\"elementor-section elementor-top-section elementor-element elementor-element-ef1fc9e elementor-section-boxed elementor-section-height-default elementor-section-height-default\" data-id=\"ef1fc9e\" data-element_type=\"section\" data-e-type=\"section\">\n\t\t\t\t\t\t<div class=\"elementor-container elementor-column-gap-default\">\n\t\t\t\t\t<div class=\"elementor-column elementor-col-100 elementor-top-column elementor-element elementor-element-0458fc0\" data-id=\"0458fc0\" data-element_type=\"column\" data-e-type=\"column\">\n\t\t\t<div class=\"elementor-widget-wrap elementor-element-populated\">\n\t\t\t\t\t\t<div class=\"elementor-element elementor-element-48b6eb4 elementor-widget elementor-widget-heading\" data-id=\"48b6eb4\" data-element_type=\"widget\" data-e-type=\"widget\" data-widget_type=\"heading.default\">\n\t\t\t\t<div class=\"elementor-widget-container\">\n\t\t\t\t\t<h2 class=\"elementor-heading-title elementor-size-default\">Cistude d\u2019Europe<\/h2>\t\t\t\t<\/div>\n\t\t\t\t<\/div>\n\t\t\t\t<div class=\"elementor-element elementor-element-be42c3e elementor-widget elementor-widget-text-editor\" data-id=\"be42c3e\" data-element_type=\"widget\" data-e-type=\"widget\" data-widget_type=\"text-editor.default\">\n\t\t\t\t<div class=\"elementor-widget-container\">\n\t\t\t\t\t\t\t\t\t<div>Le Papiliorama est \u00e9galement tr\u00e8s actif au sein du <a href=\"http:\/\/www.karch.ch\/karch\/home\/reptilien\/reptilienarten-der-schweiz\/europaische-sumpfschildkrote\/wiederansiedlung-sumpfschildkrot.html\" target=\"_blank\" rel=\"noreferrer noopener\" aria-label=\"projet suisse (opens in a new tab)\">projet suisse<\/a> de r\u00e9introduction et de renforcement des populations de la Cistude d\u2019Europe la seule tortue indig\u00e8ne de Suisse. Elle y participe directement gr\u00e2ce \u00e0 un \u00e9levage sur son site de m\u00eame qu\u2019un \u00e9tang de sensibilisation. Au travers de l\u2019Association Suisse des Zoos g\u00e9r\u00e9s de mani\u00e8re scientifique (<a href=\"https:\/\/zoos.ch\/?lang=fr\" target=\"_blank\" rel=\"noreferrer noopener\" aria-label=\" (opens in a new tab)\">Zoosuisse<\/a>), elle assure \u00e9galement une substantielle partie du financement du projet.<\/div>\n\t\t\t\t\t\t\t\t<\/div>\n\t\t\t\t<\/div>\n\t\t\t\t<div class=\"elementor-element elementor-element-364d6f8 elementor--h-position-center elementor--v-position-middle elementor-arrows-position-inside elementor-pagination-position-inside elementor-widget elementor-widget-slides\" data-id=\"364d6f8\" data-element_type=\"widget\" data-e-type=\"widget\" data-settings=\"{&quot;navigation&quot;:&quot;both&quot;,&quot;autoplay&quot;:&quot;yes&quot;,&quot;pause_on_hover&quot;:&quot;yes&quot;,&quot;pause_on_interaction&quot;:&quot;yes&quot;,&quot;autoplay_speed&quot;:5000,&quot;infinite&quot;:&quot;yes&quot;,&quot;transition&quot;:&quot;slide&quot;,&quot;transition_speed&quot;:500}\" data-widget_type=\"slides.default\">\n\t\t\t\t<div class=\"elementor-widget-container\">\n\t\t\t\t\t\t\t\t\t<div class=\"elementor-swiper\">\n\t\t\t\t\t<div class=\"elementor-slides-wrapper elementor-main-swiper swiper\" role=\"region\" aria-roledescription=\"carousel\" aria-label=\"Diapositives\" dir=\"ltr\" data-animation=\"fadeInUp\">\n\t\t\t\t<div class=\"swiper-wrapper elementor-slides\">\n\t\t\t\t\t\t\t\t\t\t<div class=\"elementor-repeater-item-e82dd6f swiper-slide\" role=\"group\" aria-roledescription=\"slide\"><div class=\"swiper-slide-bg\" role=\"img\" aria-label=\"Papiliorama-Naturschutz_001\"><\/div><div class=\"swiper-slide-inner\" ><div class=\"swiper-slide-contents\"><\/div><\/div><\/div><div class=\"elementor-repeater-item-eed6ee5 swiper-slide\" role=\"group\" aria-roledescription=\"slide\"><div class=\"swiper-slide-bg\" role=\"img\" aria-label=\"papiliorama-wild-seeland\"><\/div><div class=\"swiper-slide-inner\" ><div class=\"swiper-slide-contents\"><\/div><\/div><\/div><div class=\"elementor-repeater-item-e29f387 swiper-slide\" role=\"group\" aria-roledescription=\"slide\"><div class=\"swiper-slide-bg\" role=\"img\" aria-label=\"sumpfschildkroete-papiliorama\"><\/div><div class=\"swiper-slide-inner\" ><div class=\"swiper-slide-contents\"><\/div><\/div><\/div>\t\t\t\t<\/div>\n\t\t\t\t\t\t\t\t\t\t\t\t\t\t\t<div class=\"elementor-swiper-button elementor-swiper-button-prev\" role=\"button\" tabindex=\"0\" aria-label=\"Diapositive pr\u00e9c\u00e9dente\">\n\t\t\t\t\t\t\t<i aria-hidden=\"true\" class=\"eicon-chevron-left\"><\/i>\t\t\t\t\t\t<\/div>\n\t\t\t\t\t\t<div class=\"elementor-swiper-button elementor-swiper-button-next\" role=\"button\" tabindex=\"0\" aria-label=\"Diapositive suivante\">\n\t\t\t\t\t\t\t<i aria-hidden=\"true\" class=\"eicon-chevron-right\"><\/i>\t\t\t\t\t\t<\/div>\n\t\t\t\t\t\t\t\t\t\t\t\t\t\t\t\t<div class=\"swiper-pagination\"><\/div>\n\t\t\t\t\t\t\t\t\t\t\t\t<\/div>\n\t\t\t\t<\/div>\n\t\t\t\t\t\t\t\t<\/div>\n\t\t\t\t<\/div>\n\t\t\t\t\t<\/div>\n\t\t<\/div>\n\t\t\t\t\t<\/div>\n\t\t<\/section>\n\t\t\t\t<section class=\"elementor-section elementor-top-section elementor-element elementor-element-267508c elementor-section-boxed elementor-section-height-default elementor-section-height-default\" data-id=\"267508c\" data-element_type=\"section\" data-e-type=\"section\">\n\t\t\t\t\t\t<div class=\"elementor-container elementor-column-gap-default\">\n\t\t\t\t\t<div class=\"elementor-column elementor-col-100 elementor-top-column elementor-element elementor-element-68b00a1\" data-id=\"68b00a1\" data-element_type=\"column\" data-e-type=\"column\">\n\t\t\t<div class=\"elementor-widget-wrap elementor-element-populated\">\n\t\t\t\t\t\t<div class=\"elementor-element elementor-element-c358c31 elementor-widget elementor-widget-heading\" data-id=\"c358c31\" data-element_type=\"widget\" data-e-type=\"widget\" data-widget_type=\"heading.default\">\n\t\t\t\t<div class=\"elementor-widget-container\">\n\t\t\t\t\t<h2 class=\"elementor-heading-title elementor-size-default\">Nature Conservation International<\/h2>\t\t\t\t<\/div>\n\t\t\t\t<\/div>\n\t\t\t\t<div class=\"elementor-element elementor-element-b357a63 elementor-widget elementor-widget-text-editor\" data-id=\"b357a63\" data-element_type=\"widget\" data-e-type=\"widget\" data-widget_type=\"text-editor.default\">\n\t\t\t\t<div class=\"elementor-widget-container\">\n\t\t\t\t\t\t\t\t\t<div>\n<h3>Notre projet de conservation de la nature au Belize<\/h3>\n<p>La Fondation Papiliorama s\u2019engage depuis plusieurs d\u00e9cennies dans la conservation des for\u00eats tropicales. Elle a initi\u00e9 en 1989 un projet de conservation de grande envergure par la cr\u00e9ation de <a href=\"https:\/\/www.itcf.ch\/fr\/\" target=\"_blank\" rel=\"noreferrer noopener\" aria-label=\" (opens in a new tab)\">la r\u00e9serve naturelle de Shipstern<\/a> (88\u00a0km<sup>2<\/sup>) au Belize, en Am\u00e9rique centrale. Cette r\u00e9serve naturelle est aujourd\u2019hui un trust \u00e0 perp\u00e9tuit\u00e9 et a \u00e9t\u00e9 pleinement int\u00e9gr\u00e9e dans le r\u00e9seau des aires prot\u00e9g\u00e9es du Belize.<\/p>\n<p>En 2013, le Papiliorama a \u00e9galement permis la sauvegarde de deux r\u00e9serves nationales gravement en danger par manque de protection. Elle g\u00e8re ainsi la R\u00e9serve Foresti\u00e8re de Freshwater Creek (130\u00a0km<sup>2<\/sup>) et le Parc National de Honey Camp (31\u00a0km<sup>2<\/sup>).<\/p>\n<p>En 2018, apr\u00e8s plusieurs ann\u00e9es de travail intensif, le Papiliorama et son ONG locale ont r\u00e9ussi \u00e0 cr\u00e9er, en partenariat avec le gouvernement, le premier grand corridor biologique de l\u2019Am\u00e9rique centrale (110\u00a0km<sup>2<\/sup>), qui relie aujourd\u2019hui toutes les r\u00e9serves qu\u2019ils prot\u00e8gent.<\/p>\n<p>Ainsi, le Papiliorama prot\u00e8ge aujourd\u2019hui pr\u00e8s de 400\u00a0km<sup>2<\/sup> de nature tropicale, dans une r\u00e9gion o\u00f9 la d\u00e9forestation bat son\u00a0plein.<\/p>\n<p>La Fondation met \u00e0 disposition de ce travail des ressources non financi\u00e8res (travail, locaux, etc.), et couvre tous les frais de fundraising. Le budget annuel de la r\u00e9serve, de l\u2019ordre de CHF\u00a0360\u00a0000.- par ann\u00e9e, sont couverts par des adoptions d\u2019hectares par les visiteurs du Papiliorama, et par d\u2019autres dons en provenance d\u2019autres zoos Europ\u00e9ens, dont le Zoo Royal de Burgers aux Pays-Bas, partenaire du projet d\u00e8s ses d\u00e9buts. Les fonds sont g\u00e9r\u00e9s par une fondation-s\u0153ur du Papiliorama, la <a href=\"https:\/\/www.itcf.ch\/fr\/\" target=\"_blank\" rel=\"noreferrer noopener\" aria-label=\" (opens in a new tab)\">Fondation Internationale pour la Conservation de la Nature Tropicale (ITCF)<\/a>.<\/p>\n<\/div>\n\t\t\t\t\t\t\t\t<\/div>\n\t\t\t\t<\/div>\n\t\t\t\t<div class=\"elementor-element elementor-element-95a235c elementor--h-position-center elementor--v-position-middle elementor-arrows-position-inside elementor-pagination-position-inside elementor-widget elementor-widget-slides\" data-id=\"95a235c\" data-element_type=\"widget\" data-e-type=\"widget\" data-settings=\"{&quot;navigation&quot;:&quot;both&quot;,&quot;autoplay&quot;:&quot;yes&quot;,&quot;pause_on_hover&quot;:&quot;yes&quot;,&quot;pause_on_interaction&quot;:&quot;yes&quot;,&quot;autoplay_speed&quot;:5000,&quot;infinite&quot;:&quot;yes&quot;,&quot;transition&quot;:&quot;slide&quot;,&quot;transition_speed&quot;:500}\" data-widget_type=\"slides.default\">\n\t\t\t\t<div class=\"elementor-widget-container\">\n\t\t\t\t\t\t\t\t\t<div class=\"elementor-swiper\">\n\t\t\t\t\t<div class=\"elementor-slides-wrapper elementor-main-swiper swiper\" role=\"region\" aria-roledescription=\"carousel\" aria-label=\"Diapositives\" dir=\"ltr\" data-animation=\"fadeInUp\">\n\t\t\t\t<div class=\"swiper-wrapper elementor-slides\">\n\t\t\t\t\t\t\t\t\t\t<div class=\"elementor-repeater-item-e82dd6f swiper-slide\" role=\"group\" aria-roledescription=\"slide\"><div class=\"swiper-slide-bg\" role=\"img\" aria-label=\"Papiliorama-Naturschutz_017\"><\/div><div class=\"swiper-slide-inner\" ><div class=\"swiper-slide-contents\"><\/div><\/div><\/div><div class=\"elementor-repeater-item-db44446 swiper-slide\" role=\"group\" aria-roledescription=\"slide\"><div class=\"swiper-slide-bg\" role=\"img\" aria-label=\"Naturschutz\"><\/div><div class=\"swiper-slide-inner\" ><div class=\"swiper-slide-contents\"><\/div><\/div><\/div><div class=\"elementor-repeater-item-442a808 swiper-slide\" role=\"group\" aria-roledescription=\"slide\"><div class=\"swiper-slide-bg\" role=\"img\" aria-label=\"Papiliorama-Naturschutz_014\"><\/div><div class=\"swiper-slide-inner\" ><div class=\"swiper-slide-contents\"><\/div><\/div><\/div><div class=\"elementor-repeater-item-33ef72f swiper-slide\" role=\"group\" aria-roledescription=\"slide\"><div class=\"swiper-slide-bg\" role=\"img\" aria-label=\"Papiliorama-Naturschutz_009\"><\/div><div class=\"swiper-slide-inner\" ><div class=\"swiper-slide-contents\"><\/div><\/div><\/div><div class=\"elementor-repeater-item-0d2adb2 swiper-slide\" role=\"group\" aria-roledescription=\"slide\"><div class=\"swiper-slide-bg\" role=\"img\" aria-label=\"Papiliorama-Naturschutz_006\"><\/div><div class=\"swiper-slide-inner\" ><div class=\"swiper-slide-contents\"><\/div><\/div><\/div><div class=\"elementor-repeater-item-e41f7dd swiper-slide\" role=\"group\" aria-roledescription=\"slide\"><div class=\"swiper-slide-bg\" role=\"img\" aria-label=\"Papiliorama-Naturschutz_007\"><\/div><div class=\"swiper-slide-inner\" ><div class=\"swiper-slide-contents\"><\/div><\/div><\/div><div class=\"elementor-repeater-item-e5c6cc6 swiper-slide\" role=\"group\" aria-roledescription=\"slide\"><div class=\"swiper-slide-bg\" role=\"img\" aria-label=\"Papiliorama-Naturschutz_011\"><\/div><div class=\"swiper-slide-inner\" ><div class=\"swiper-slide-contents\"><\/div><\/div><\/div>\t\t\t\t<\/div>\n\t\t\t\t\t\t\t\t\t\t\t\t\t\t\t<div class=\"elementor-swiper-button elementor-swiper-button-prev\" role=\"button\" tabindex=\"0\" aria-label=\"Diapositive pr\u00e9c\u00e9dente\">\n\t\t\t\t\t\t\t<i aria-hidden=\"true\" class=\"eicon-chevron-left\"><\/i>\t\t\t\t\t\t<\/div>\n\t\t\t\t\t\t<div class=\"elementor-swiper-button elementor-swiper-button-next\" role=\"button\" tabindex=\"0\" aria-label=\"Diapositive suivante\">\n\t\t\t\t\t\t\t<i aria-hidden=\"true\" class=\"eicon-chevron-right\"><\/i>\t\t\t\t\t\t<\/div>\n\t\t\t\t\t\t\t\t\t\t\t\t\t\t\t\t<div class=\"swiper-pagination\"><\/div>\n\t\t\t\t\t\t\t\t\t\t\t\t<\/div>\n\t\t\t\t<\/div>\n\t\t\t\t\t\t\t\t<\/div>\n\t\t\t\t<\/div>\n\t\t\t\t\t<\/div>\n\t\t<\/div>\n\t\t\t\t\t<\/div>\n\t\t<\/section>\n\t\t\t\t<section class=\"elementor-section elementor-top-section elementor-element elementor-element-e032e34 elementor-section-boxed elementor-section-height-default elementor-section-height-default\" data-id=\"e032e34\" data-element_type=\"section\" data-e-type=\"section\">\n\t\t\t\t\t\t<div class=\"elementor-container elementor-column-gap-default\">\n\t\t\t\t\t<div class=\"elementor-column elementor-col-100 elementor-top-column elementor-element elementor-element-710de6a\" data-id=\"710de6a\" data-element_type=\"column\" data-e-type=\"column\">\n\t\t\t<div class=\"elementor-widget-wrap elementor-element-populated\">\n\t\t\t\t\t\t<div class=\"elementor-element elementor-element-693277f elementor-widget elementor-widget-heading\" data-id=\"693277f\" data-element_type=\"widget\" data-e-type=\"widget\" data-widget_type=\"heading.default\">\n\t\t\t\t<div class=\"elementor-widget-container\">\n\t\t\t\t\t<h2 class=\"elementor-heading-title elementor-size-default\">Autres projets<\/h2>\t\t\t\t<\/div>\n\t\t\t\t<\/div>\n\t\t\t\t<div class=\"elementor-element elementor-element-bd05754 elementor-widget elementor-widget-text-editor\" data-id=\"bd05754\" data-element_type=\"widget\" data-e-type=\"widget\" data-widget_type=\"text-editor.default\">\n\t\t\t\t<div class=\"elementor-widget-container\">\n\t\t\t\t\t\t\t\t\t<div>La Fondation Papiliorama participe \u00e0 d\u2019autres projets de conservation de la nature ou de recherche scientifique. Elle a mis sur pied en collaboration avec d\u2019autres institutions le <a href=\"http:\/\/www.iabes.org\/conservation\/save-homerus\" target=\"_blank\" rel=\"noreferrer noopener\" aria-label=\"projet \u00ab Save Homerus \u00bb (opens in a new tab)\">projet \u00ab Save Homerus \u00bb<\/a> visant \u00e0 sauver le plus grand porte-queue des Am\u00e9riques, en Jama\u00efque (voir aussi <a href=\"http:\/\/www.iabes.org\/\" target=\"_blank\" rel=\"noreferrer noopener\" aria-label=\" (opens in a new tab)\">IABES<\/a>). Elle soutient ponctuellement d\u2019autres projets \u00e9galement d\u2019autres projets de conservation d\u2019esp\u00e8ces ou de la nature en g\u00e9n\u00e9ral, et ceci souvent en lien avec des esp\u00e8ces qu\u2019elle abrite sur son site de Kerzers.<\/div>\n\t\t\t\t\t\t\t\t<\/div>\n\t\t\t\t<\/div>\n\t\t\t\t\t<\/div>\n\t\t<\/div>\n\t\t\t\t\t<\/div>\n\t\t<\/section>\n\t\t\t\t<section class=\"elementor-section elementor-top-section elementor-element elementor-element-1914bec elementor-section-boxed elementor-section-height-default elementor-section-height-default\" data-id=\"1914bec\" data-element_type=\"section\" data-e-type=\"section\">\n\t\t\t\t\t\t<div class=\"elementor-container elementor-column-gap-default\">\n\t\t\t\t\t<div class=\"elementor-column elementor-col-100 elementor-top-column elementor-element elementor-element-2e1a659\" data-id=\"2e1a659\" data-element_type=\"column\" data-e-type=\"column\">\n\t\t\t<div class=\"elementor-widget-wrap\">\n\t\t\t\t\t\t\t<\/div>\n\t\t<\/div>\n\t\t\t\t\t<\/div>\n\t\t<\/section>\n\t\t\t\t<\/div>\n\t\t","protected":false},"excerpt":{"rendered":"<p>Protection de la nature La protection de la nature en Suisse La mission premi\u00e8re du Papiliorama est de mettre le visiteur en contact direct avec la diversit\u00e9 naturelle, afin qu\u2019il s\u2019\u00e9merveille quelques instants de sa beaut\u00e9 et puisse prendre conscience de sa fragilit\u00e9 partout sur terre. Si de grandes expositions sont plac\u00e9es sous le signe [&hellip;]<\/p>\n","protected":false},"author":1,"featured_media":0,"parent":0,"menu_order":4,"comment_status":"closed","ping_status":"closed","template":"","meta":{"footnotes":""},"class_list":["post-1782","page","type-page","status-publish","hentry"],"featured_image_urls_v2":{"full":"","thumbnail":"","medium":"","medium_large":"","large":"","1536x1536":"","2048x2048":"","woocommerce_thumbnail":"","woocommerce_single":"","woocommerce_gallery_thumbnail":""},"post_excerpt_stackable_v2":"<p>Protection de la nature La protection de la nature en Suisse La mission premi\u00e8re du Papiliorama est de mettre le visiteur en contact direct avec la diversit\u00e9 naturelle, afin qu\u2019il s\u2019\u00e9merveille quelques instants de sa beaut\u00e9 et puisse prendre conscience de sa fragilit\u00e9 partout sur terre. Si de grandes expositions sont plac\u00e9es sous le signe des tropiques, du ballet de papillons aux animaux de la nuit en passant par la jungle des toucans, la Fondation du Papiliorama fait \u00e9galement de nombreux efforts pour la nature de chez\u00a0nous. Wild Seeland Depuis son installation \u00e0 Kerzers, la Fondation a revitalis\u00e9 pr\u00e8s de\u2026<\/p>\n","category_list_v2":"","author_info_v2":{"name":"papAdmin","url":"https:\/\/www.papiliorama.ch\/fr\/author\/papadmin\/"},"comments_num_v2":"0 commentaire","_links":{"self":[{"href":"https:\/\/www.papiliorama.ch\/fr\/wp-json\/wp\/v2\/pages\/1782","targetHints":{"allow":["GET"]}}],"collection":[{"href":"https:\/\/www.papiliorama.ch\/fr\/wp-json\/wp\/v2\/pages"}],"about":[{"href":"https:\/\/www.papiliorama.ch\/fr\/wp-json\/wp\/v2\/types\/page"}],"author":[{"embeddable":true,"href":"https:\/\/www.papiliorama.ch\/fr\/wp-json\/wp\/v2\/users\/1"}],"replies":[{"embeddable":true,"href":"https:\/\/www.papiliorama.ch\/fr\/wp-json\/wp\/v2\/comments?post=1782"}],"version-history":[{"count":7,"href":"https:\/\/www.papiliorama.ch\/fr\/wp-json\/wp\/v2\/pages\/1782\/revisions"}],"predecessor-version":[{"id":28806,"href":"https:\/\/www.papiliorama.ch\/fr\/wp-json\/wp\/v2\/pages\/1782\/revisions\/28806"}],"wp:attachment":[{"href":"https:\/\/www.papiliorama.ch\/fr\/wp-json\/wp\/v2\/media?parent=1782"}],"curies":[{"name":"wp","href":"https:\/\/api.w.org\/{rel}","templated":true}]}}