{"id":15323,"date":"2021-04-15T12:29:07","date_gmt":"2021-04-15T11:29:07","guid":{"rendered":"https:\/\/www.papiliorama.ch\/?page_id=15323"},"modified":"2024-11-18T04:33:20","modified_gmt":"2024-11-18T03:33:20","slug":"faire-un-don","status":"publish","type":"page","link":"https:\/\/www.papiliorama.ch\/fr\/faire-un-don\/","title":{"rendered":"Faire un don"},"content":{"rendered":"\t\t<div data-elementor-type=\"wp-page\" data-elementor-id=\"15323\" class=\"elementor elementor-15323 elementor-15321\" data-elementor-post-type=\"page\">\n\t\t\t\t\t\t<section class=\"elementor-section elementor-top-section elementor-element elementor-element-f50bb47 elementor-section-full_width elementor-section-height-min-height elementor-section-height-default elementor-section-items-middle\" data-id=\"f50bb47\" data-element_type=\"section\" data-e-type=\"section\" data-settings=\"{&quot;background_background&quot;:&quot;classic&quot;}\">\n\t\t\t\t\t\t<div class=\"elementor-container elementor-column-gap-default\">\n\t\t\t\t\t<div class=\"elementor-column elementor-col-100 elementor-top-column elementor-element elementor-element-2049cd9\" data-id=\"2049cd9\" data-element_type=\"column\" data-e-type=\"column\">\n\t\t\t<div class=\"elementor-widget-wrap elementor-element-populated\">\n\t\t\t\t\t\t<div class=\"elementor-element elementor-element-d667c80 elementor-widget elementor-widget-heading\" data-id=\"d667c80\" data-element_type=\"widget\" data-e-type=\"widget\" data-widget_type=\"heading.default\">\n\t\t\t\t<div class=\"elementor-widget-container\">\n\t\t\t\t\t<h2 class=\"elementor-heading-title elementor-size-default\">Faire un don<\/h2>\t\t\t\t<\/div>\n\t\t\t\t<\/div>\n\t\t\t\t\t<\/div>\n\t\t<\/div>\n\t\t\t\t\t<\/div>\n\t\t<\/section>\n\t\t\t\t<section class=\"elementor-section elementor-top-section elementor-element elementor-element-e1b2480 elementor-section-boxed elementor-section-height-default elementor-section-height-default\" data-id=\"e1b2480\" data-element_type=\"section\" data-e-type=\"section\">\n\t\t\t\t\t\t<div class=\"elementor-container elementor-column-gap-default\">\n\t\t\t\t\t<div class=\"elementor-column elementor-col-100 elementor-top-column elementor-element elementor-element-096ef58\" data-id=\"096ef58\" data-element_type=\"column\" data-e-type=\"column\">\n\t\t\t<div class=\"elementor-widget-wrap elementor-element-populated\">\n\t\t\t\t\t\t<div class=\"elementor-element elementor-element-59d4ef9 elementor-widget elementor-widget-heading\" data-id=\"59d4ef9\" data-element_type=\"widget\" data-e-type=\"widget\" data-widget_type=\"heading.default\">\n\t\t\t\t<div class=\"elementor-widget-container\">\n\t\t\t\t\t<h2 class=\"elementor-heading-title elementor-size-default\">Aidez-nous!<\/h2>\t\t\t\t<\/div>\n\t\t\t\t<\/div>\n\t\t\t\t<div class=\"elementor-element elementor-element-c089d13 elementor-widget elementor-widget-text-editor\" data-id=\"c089d13\" data-element_type=\"widget\" data-e-type=\"widget\" data-widget_type=\"text-editor.default\">\n\t\t\t\t<div class=\"elementor-widget-container\">\n\t\t\t\t\t\t\t\t\t<p>Le Papiliorama est une foundation priv\u00e9e d\u2019utilit\u00e9 publique qui couvre ses frais de fonctionnement par ses propres revenus et sans subventions. Pour les renovations et des travaux d\u2019entretien importants et les nouvelles expositions, la foundation depend d\u2019un soutien externe. Aidez-nous \u00e0 maintenir en vie cette institution tr\u00e8s appr\u00e9ci\u00e9e.<\/p><p>L\u2019\u00e9quipe du Papiliorama vous est tr\u00e8s reconnaissante de votre soutien.<\/p><p>\u00a0<\/p>\t\t\t\t\t\t\t\t<\/div>\n\t\t\t\t<\/div>\n\t\t\t\t<div class=\"elementor-element elementor-element-f85b8ac elementor-widget elementor-widget-html\" data-id=\"f85b8ac\" data-element_type=\"widget\" data-e-type=\"widget\" data-widget_type=\"html.default\">\n\t\t\t\t<div class=\"elementor-widget-container\">\n\t\t\t\t\t<div id=\"rnw-paylink-button-zybyy\"><\/div>\r\n<script type=\"module\">\r\n  import {PaylinkButton} from \"https:\/\/unpkg.com\/@raisenow\/paylink-button@2\/dist\/PaylinkButton.js\"\r\n  PaylinkButton.render(\"#rnw-paylink-button-zybyy\", {\r\n    \"solution-id\": \"zybyy\",\r\n    \"size\": \"large\",\r\n    \"width\": \"fixed\",\r\n    \"icon\": \"heart\",\r\n    \"label\": \"Faire un don\",\r\n    \"border-radius\": \"8px\",\r\n    \"background-color\": \"#006400\",\r\n  })\r\n<\/script>\r\n\t\t\t\t<\/div>\n\t\t\t\t<\/div>\n\t\t\t\t\t<\/div>\n\t\t<\/div>\n\t\t\t\t\t<\/div>\n\t\t<\/section>\n\t\t\t\t<section class=\"elementor-section elementor-top-section elementor-element elementor-element-bae73c2 elementor-section-boxed elementor-section-height-default elementor-section-height-default\" data-id=\"bae73c2\" data-element_type=\"section\" data-e-type=\"section\">\n\t\t\t\t\t\t<div class=\"elementor-container elementor-column-gap-default\">\n\t\t\t\t\t<div class=\"elementor-column elementor-col-100 elementor-top-column elementor-element elementor-element-6ca719c\" data-id=\"6ca719c\" data-element_type=\"column\" data-e-type=\"column\">\n\t\t\t<div class=\"elementor-widget-wrap elementor-element-populated\">\n\t\t\t\t\t\t\t<\/div>\n\t\t<\/div>\n\t\t\t\t\t<\/div>\n\t\t<\/section>\n\t\t\t\t<\/div>\n\t\t","protected":false},"excerpt":{"rendered":"<p>Faire un don Aidez-nous! Le Papiliorama est une foundation priv\u00e9e d\u2019utilit\u00e9 publique qui couvre ses frais de fonctionnement par ses propres revenus et sans subventions. Pour les renovations et des travaux d\u2019entretien importants et les nouvelles expositions, la foundation depend d\u2019un soutien externe. Aidez-nous \u00e0 maintenir en vie cette institution tr\u00e8s appr\u00e9ci\u00e9e. L\u2019\u00e9quipe du Papiliorama [&hellip;]<\/p>\n","protected":false},"author":3,"featured_media":0,"parent":0,"menu_order":0,"comment_status":"closed","ping_status":"closed","template":"","meta":{"footnotes":""},"class_list":["post-15323","page","type-page","status-publish","hentry"],"featured_image_urls_v2":{"full":"","thumbnail":"","medium":"","medium_large":"","large":"","1536x1536":"","2048x2048":"","woocommerce_thumbnail":"","woocommerce_single":"","woocommerce_gallery_thumbnail":""},"post_excerpt_stackable_v2":"<p>Faire un don Aidez-nous! Le Papiliorama est une foundation priv\u00e9e d\u2019utilit\u00e9 publique qui couvre ses frais de fonctionnement par ses propres revenus et sans subventions. Pour les renovations et des travaux d\u2019entretien importants et les nouvelles expositions, la foundation depend d\u2019un soutien externe. Aidez-nous \u00e0 maintenir en vie cette institution tr\u00e8s appr\u00e9ci\u00e9e.L\u2019\u00e9quipe du Papiliorama vous est tr\u00e8s reconnaissante de votre soutien.\u00a0<\/p>\n","category_list_v2":"","author_info_v2":{"name":"Christoph Trummer","url":"https:\/\/www.papiliorama.ch\/fr\/author\/christoph\/"},"comments_num_v2":"0 commentaire","_links":{"self":[{"href":"https:\/\/www.papiliorama.ch\/fr\/wp-json\/wp\/v2\/pages\/15323","targetHints":{"allow":["GET"]}}],"collection":[{"href":"https:\/\/www.papiliorama.ch\/fr\/wp-json\/wp\/v2\/pages"}],"about":[{"href":"https:\/\/www.papiliorama.ch\/fr\/wp-json\/wp\/v2\/types\/page"}],"author":[{"embeddable":true,"href":"https:\/\/www.papiliorama.ch\/fr\/wp-json\/wp\/v2\/users\/3"}],"replies":[{"embeddable":true,"href":"https:\/\/www.papiliorama.ch\/fr\/wp-json\/wp\/v2\/comments?post=15323"}],"version-history":[{"count":21,"href":"https:\/\/www.papiliorama.ch\/fr\/wp-json\/wp\/v2\/pages\/15323\/revisions"}],"predecessor-version":[{"id":28203,"href":"https:\/\/www.papiliorama.ch\/fr\/wp-json\/wp\/v2\/pages\/15323\/revisions\/28203"}],"wp:attachment":[{"href":"https:\/\/www.papiliorama.ch\/fr\/wp-json\/wp\/v2\/media?parent=15323"}],"curies":[{"name":"wp","href":"https:\/\/api.w.org\/{rel}","templated":true}]}}